{"id":25566,"date":"2023-07-06T22:36:38","date_gmt":"2023-07-07T01:36:38","guid":{"rendered":"https:\/\/jornalvaleevangelico.com.br\/?page_id=25566"},"modified":"2023-07-06T23:02:52","modified_gmt":"2023-07-07T02:02:52","slug":"homenagens","status":"publish","type":"page","link":"https:\/\/jornalvaleevangelico.com.br\/index.php\/homenagens\/","title":{"rendered":"Homenagens"},"content":{"rendered":"<div class=\"pt-cv-wrapper\"><div class=\"pt-cv-view pt-cv-grid pt-cv-colsys\" id=\"pt-cv-view-2fa51ff485\"><div data-id=\"pt-cv-page-1\" class=\"pt-cv-page\" data-cvc=\"3\"><div class=\"col-md-4 col-sm-6 col-xs-12 pt-cv-content-item pt-cv-1-col\" ><div class='pt-cv-ifield'><a href=\"https:\/\/jornalvaleevangelico.com.br\/index.php\/2026\/03\/27\/casal-celebra-aniversario-em-culto-especial-marcado-por-gratidao-e-homenagens\/\" class=\"_self pt-cv-href-thumbnail pt-cv-thumb-default\" target=\"_self\" ><img fetchpriority=\"high\" decoding=\"async\" width=\"300\" height=\"200\" src=\"https:\/\/jornalvaleevangelico.com.br\/wp-content\/uploads\/2026\/03\/DSC_0017-Copy-3-300x200.jpg\" class=\"pt-cv-thumbnail\" alt=\"\" srcset=\"https:\/\/jornalvaleevangelico.com.br\/wp-content\/uploads\/2026\/03\/DSC_0017-Copy-3-300x200.jpg 300w, https:\/\/jornalvaleevangelico.com.br\/wp-content\/uploads\/2026\/03\/DSC_0017-Copy-3-1024x683.jpg 1024w, https:\/\/jornalvaleevangelico.com.br\/wp-content\/uploads\/2026\/03\/DSC_0017-Copy-3-768x512.jpg 768w, https:\/\/jornalvaleevangelico.com.br\/wp-content\/uploads\/2026\/03\/DSC_0017-Copy-3-1536x1024.jpg 1536w, https:\/\/jornalvaleevangelico.com.br\/wp-content\/uploads\/2026\/03\/DSC_0017-Copy-3-2048x1365.jpg 2048w\" sizes=\"(max-width: 300px) 100vw, 300px\" \/><\/a>\n<h4 class=\"pt-cv-title\"><a href=\"https:\/\/jornalvaleevangelico.com.br\/index.php\/2026\/03\/27\/casal-celebra-aniversario-em-culto-especial-marcado-por-gratidao-e-homenagens\/\" class=\"_self\" target=\"_self\" >Casal celebra anivers\u00e1rio em culto especial marcado por gratid\u00e3o e homenagens<\/a><\/h4>\n<div class=\"pt-cv-content\">Pastor Nilton Andrade comemora 61 anos e destaca mais de tr\u00eas d\u00e9cadas de minist\u00e9rio ao lado da esposa, Delfina In\u00eas ...<br \/><div class=\"pt-cv-rmwrap\"><a href=\"https:\/\/jornalvaleevangelico.com.br\/index.php\/2026\/03\/27\/casal-celebra-aniversario-em-culto-especial-marcado-por-gratidao-e-homenagens\/\" class=\"_self pt-cv-readmore btn btn-success\" target=\"_self\">Leia Mais<\/a><\/div><\/div><\/div><\/div>\n<div class=\"col-md-4 col-sm-6 col-xs-12 pt-cv-content-item pt-cv-1-col\" ><div class='pt-cv-ifield'><a href=\"https:\/\/jornalvaleevangelico.com.br\/index.php\/2025\/12\/23\/celebrando-as-boas-festas-com-fe-e-esperanca-em-2026\/\" class=\"_self pt-cv-href-thumbnail pt-cv-thumb-default\" target=\"_self\" ><img decoding=\"async\" width=\"300\" height=\"225\" src=\"https:\/\/jornalvaleevangelico.com.br\/wp-content\/uploads\/2025\/12\/Celebracao-pronta-2-Copy-300x225.jpg\" class=\"pt-cv-thumbnail\" alt=\"\" srcset=\"https:\/\/jornalvaleevangelico.com.br\/wp-content\/uploads\/2025\/12\/Celebracao-pronta-2-Copy-300x225.jpg 300w, https:\/\/jornalvaleevangelico.com.br\/wp-content\/uploads\/2025\/12\/Celebracao-pronta-2-Copy-768x576.jpg 768w, https:\/\/jornalvaleevangelico.com.br\/wp-content\/uploads\/2025\/12\/Celebracao-pronta-2-Copy.jpg 800w\" sizes=\"(max-width: 300px) 100vw, 300px\" \/><\/a>\n<h4 class=\"pt-cv-title\"><a href=\"https:\/\/jornalvaleevangelico.com.br\/index.php\/2025\/12\/23\/celebrando-as-boas-festas-com-fe-e-esperanca-em-2026\/\" class=\"_self\" target=\"_self\" >Celebrando as Boas Festas com F\u00e9 e Esperan\u00e7a em 2026<\/a><\/h4>\n<div class=\"pt-cv-content\"> ...<br \/><div class=\"pt-cv-rmwrap\"><a href=\"https:\/\/jornalvaleevangelico.com.br\/index.php\/2025\/12\/23\/celebrando-as-boas-festas-com-fe-e-esperanca-em-2026\/\" class=\"_self pt-cv-readmore btn btn-success\" target=\"_self\">Leia Mais<\/a><\/div><\/div><\/div><\/div>\n<div class=\"col-md-4 col-sm-6 col-xs-12 pt-cv-content-item pt-cv-1-col\" ><div class='pt-cv-ifield'><a href=\"https:\/\/jornalvaleevangelico.com.br\/index.php\/2025\/12\/11\/celebracao-une-gratidao-homenagens-e-bodas-de-prata-do-pastor-givanildo\/\" class=\"_self pt-cv-href-thumbnail pt-cv-thumb-default\" target=\"_self\" ><img decoding=\"async\" width=\"300\" height=\"198\" src=\"https:\/\/jornalvaleevangelico.com.br\/wp-content\/uploads\/2025\/12\/DSC_0225-Copy-300x198.jpg\" class=\"pt-cv-thumbnail\" alt=\"\" srcset=\"https:\/\/jornalvaleevangelico.com.br\/wp-content\/uploads\/2025\/12\/DSC_0225-Copy-300x198.jpg 300w, https:\/\/jornalvaleevangelico.com.br\/wp-content\/uploads\/2025\/12\/DSC_0225-Copy-1024x674.jpg 1024w, https:\/\/jornalvaleevangelico.com.br\/wp-content\/uploads\/2025\/12\/DSC_0225-Copy-768x506.jpg 768w, https:\/\/jornalvaleevangelico.com.br\/wp-content\/uploads\/2025\/12\/DSC_0225-Copy-1536x1012.jpg 1536w, https:\/\/jornalvaleevangelico.com.br\/wp-content\/uploads\/2025\/12\/DSC_0225-Copy-2048x1349.jpg 2048w\" sizes=\"(max-width: 300px) 100vw, 300px\" \/><\/a>\n<h4 class=\"pt-cv-title\"><a href=\"https:\/\/jornalvaleevangelico.com.br\/index.php\/2025\/12\/11\/celebracao-une-gratidao-homenagens-e-bodas-de-prata-do-pastor-givanildo\/\" class=\"_self\" target=\"_self\" >Celebra\u00e7\u00e3o Une Gratid\u00e3o, Homenagens e Bodas de Prata do Pastor Givanildo<\/a><\/h4>\n<div class=\"pt-cv-content\">Culto re\u00fane lideran\u00e7as, departamentos e mensagem marcante sobre fam\u00edlia e f\u00e9 na Assembleia de Deus do Bairro Industrial Com o ...<br \/><div class=\"pt-cv-rmwrap\"><a href=\"https:\/\/jornalvaleevangelico.com.br\/index.php\/2025\/12\/11\/celebracao-une-gratidao-homenagens-e-bodas-de-prata-do-pastor-givanildo\/\" class=\"_self pt-cv-readmore btn btn-success\" target=\"_self\">Leia Mais<\/a><\/div><\/div><\/div><\/div>\n<div class=\"col-md-4 col-sm-6 col-xs-12 pt-cv-content-item pt-cv-1-col\" ><div class='pt-cv-ifield'><a href=\"https:\/\/jornalvaleevangelico.com.br\/index.php\/2025\/10\/15\/igreja-celebra-aniversario-do-pastor-ozimar-com-culto-em-acao-de-gracas\/\" class=\"_self pt-cv-href-thumbnail pt-cv-thumb-default\" target=\"_self\" ><img loading=\"lazy\" decoding=\"async\" width=\"300\" height=\"186\" src=\"https:\/\/jornalvaleevangelico.com.br\/wp-content\/uploads\/2025\/10\/Capa-0096-Copy-1.jpg-menor-1-300x186.jpg\" class=\"pt-cv-thumbnail\" alt=\"\" srcset=\"https:\/\/jornalvaleevangelico.com.br\/wp-content\/uploads\/2025\/10\/Capa-0096-Copy-1.jpg-menor-1-300x186.jpg 300w, https:\/\/jornalvaleevangelico.com.br\/wp-content\/uploads\/2025\/10\/Capa-0096-Copy-1.jpg-menor-1-1024x635.jpg 1024w, https:\/\/jornalvaleevangelico.com.br\/wp-content\/uploads\/2025\/10\/Capa-0096-Copy-1.jpg-menor-1-768x476.jpg 768w, https:\/\/jornalvaleevangelico.com.br\/wp-content\/uploads\/2025\/10\/Capa-0096-Copy-1.jpg-menor-1.jpg 1528w\" sizes=\"(max-width: 300px) 100vw, 300px\" \/><\/a>\n<h4 class=\"pt-cv-title\"><a href=\"https:\/\/jornalvaleevangelico.com.br\/index.php\/2025\/10\/15\/igreja-celebra-aniversario-do-pastor-ozimar-com-culto-em-acao-de-gracas\/\" class=\"_self\" target=\"_self\" >Igreja celebra anivers\u00e1rio do Pastor Ozimar com Culto em A\u00e7\u00e3o de Gra\u00e7as<\/a><\/h4>\n<div class=\"pt-cv-content\">Celebra\u00e7\u00e3o re\u00fane louvores, homenagens e mensagens de f\u00e9 na Assembleia de Deus do bairro Vila Militar A Igreja Assembleia de ...<br \/><div class=\"pt-cv-rmwrap\"><a href=\"https:\/\/jornalvaleevangelico.com.br\/index.php\/2025\/10\/15\/igreja-celebra-aniversario-do-pastor-ozimar-com-culto-em-acao-de-gracas\/\" class=\"_self pt-cv-readmore btn btn-success\" target=\"_self\">Leia Mais<\/a><\/div><\/div><\/div><\/div>\n<div class=\"col-md-4 col-sm-6 col-xs-12 pt-cv-content-item pt-cv-1-col\" ><div class='pt-cv-ifield'><a href=\"https:\/\/jornalvaleevangelico.com.br\/index.php\/2025\/08\/27\/assembleia-de-deus-realiza-culto-dos-militares-em-ipatinga\/\" class=\"_self pt-cv-href-thumbnail pt-cv-thumb-default\" target=\"_self\" ><img loading=\"lazy\" decoding=\"async\" width=\"300\" height=\"200\" src=\"https:\/\/jornalvaleevangelico.com.br\/wp-content\/uploads\/2025\/08\/Capa-DSC_0004-Copy-300x200.jpg\" class=\"pt-cv-thumbnail\" alt=\"\" srcset=\"https:\/\/jornalvaleevangelico.com.br\/wp-content\/uploads\/2025\/08\/Capa-DSC_0004-Copy-300x200.jpg 300w, https:\/\/jornalvaleevangelico.com.br\/wp-content\/uploads\/2025\/08\/Capa-DSC_0004-Copy-1024x683.jpg 1024w, https:\/\/jornalvaleevangelico.com.br\/wp-content\/uploads\/2025\/08\/Capa-DSC_0004-Copy-768x512.jpg 768w, https:\/\/jornalvaleevangelico.com.br\/wp-content\/uploads\/2025\/08\/Capa-DSC_0004-Copy-1536x1024.jpg 1536w, https:\/\/jornalvaleevangelico.com.br\/wp-content\/uploads\/2025\/08\/Capa-DSC_0004-Copy-2048x1365.jpg 2048w\" sizes=\"(max-width: 300px) 100vw, 300px\" \/><\/a>\n<h4 class=\"pt-cv-title\"><a href=\"https:\/\/jornalvaleevangelico.com.br\/index.php\/2025\/08\/27\/assembleia-de-deus-realiza-culto-dos-militares-em-ipatinga\/\" class=\"_self\" target=\"_self\" >Assembleia de Deus realiza Culto dos Militares em Ipatinga<\/a><\/h4>\n<div class=\"pt-cv-content\">Celebra\u00e7\u00e3o em homenagem ao Dia do Soldado reuniu autoridades civis, militares e membros da igreja A Assembleia de Deus Minist\u00e9rio ...<br \/><div class=\"pt-cv-rmwrap\"><a href=\"https:\/\/jornalvaleevangelico.com.br\/index.php\/2025\/08\/27\/assembleia-de-deus-realiza-culto-dos-militares-em-ipatinga\/\" class=\"_self pt-cv-readmore btn btn-success\" target=\"_self\">Leia Mais<\/a><\/div><\/div><\/div><\/div>\n<div class=\"col-md-4 col-sm-6 col-xs-12 pt-cv-content-item pt-cv-1-col\" ><div class='pt-cv-ifield'><a href=\"https:\/\/jornalvaleevangelico.com.br\/index.php\/2025\/08\/05\/ad-celebra-aniversario-do-pastor-jose-martins-de-calais-junior-com-culto-em-acao-de-gracas\/\" class=\"_self pt-cv-href-thumbnail pt-cv-thumb-default\" target=\"_self\" ><img loading=\"lazy\" decoding=\"async\" width=\"300\" height=\"215\" src=\"https:\/\/jornalvaleevangelico.com.br\/wp-content\/uploads\/2025\/08\/DSC_0181-Copy-300x215.jpg\" class=\"pt-cv-thumbnail\" alt=\"\" srcset=\"https:\/\/jornalvaleevangelico.com.br\/wp-content\/uploads\/2025\/08\/DSC_0181-Copy-300x215.jpg 300w, https:\/\/jornalvaleevangelico.com.br\/wp-content\/uploads\/2025\/08\/DSC_0181-Copy-1024x734.jpg 1024w, https:\/\/jornalvaleevangelico.com.br\/wp-content\/uploads\/2025\/08\/DSC_0181-Copy-768x551.jpg 768w, https:\/\/jornalvaleevangelico.com.br\/wp-content\/uploads\/2025\/08\/DSC_0181-Copy-1536x1101.jpg 1536w, https:\/\/jornalvaleevangelico.com.br\/wp-content\/uploads\/2025\/08\/DSC_0181-Copy.jpg 1696w\" sizes=\"(max-width: 300px) 100vw, 300px\" \/><\/a>\n<h4 class=\"pt-cv-title\"><a href=\"https:\/\/jornalvaleevangelico.com.br\/index.php\/2025\/08\/05\/ad-celebra-aniversario-do-pastor-jose-martins-de-calais-junior-com-culto-em-acao-de-gracas\/\" class=\"_self\" target=\"_self\" >AD Celebra Anivers\u00e1rio do Pastor Jos\u00e9 Martins de Calais J\u00fanior com Culto em A\u00e7\u00e3o de Gra\u00e7as<\/a><\/h4>\n<div class=\"pt-cv-content\">Evento re\u00fane autoridades, l\u00edderes religiosos e fi\u00e9is em homenagem ao presidente do Minist\u00e9rio Coronel Fabriciano-Ipatinga, com louvores, prega\u00e7\u00f5es e reconhecimento ...<br \/><div class=\"pt-cv-rmwrap\"><a href=\"https:\/\/jornalvaleevangelico.com.br\/index.php\/2025\/08\/05\/ad-celebra-aniversario-do-pastor-jose-martins-de-calais-junior-com-culto-em-acao-de-gracas\/\" class=\"_self pt-cv-readmore btn btn-success\" target=\"_self\">Leia Mais<\/a><\/div><\/div><\/div><\/div>\n<div class=\"col-md-4 col-sm-6 col-xs-12 pt-cv-content-item pt-cv-1-col\" ><div class='pt-cv-ifield'><a href=\"https:\/\/jornalvaleevangelico.com.br\/index.php\/2025\/07\/29\/assembleia-de-deus-celebra-aniversario-do-presidente-pr-jose-martins-de-calais-junior-com-grande-culto-em-acao-de-gracas\/\" class=\"_self pt-cv-href-thumbnail pt-cv-thumb-default\" target=\"_self\" ><img loading=\"lazy\" decoding=\"async\" width=\"300\" height=\"213\" src=\"https:\/\/jornalvaleevangelico.com.br\/wp-content\/uploads\/2025\/07\/Capa--300x213.jpg\" class=\"pt-cv-thumbnail\" alt=\"\" srcset=\"https:\/\/jornalvaleevangelico.com.br\/wp-content\/uploads\/2025\/07\/Capa--300x213.jpg 300w, https:\/\/jornalvaleevangelico.com.br\/wp-content\/uploads\/2025\/07\/Capa--1024x725.jpg 1024w, https:\/\/jornalvaleevangelico.com.br\/wp-content\/uploads\/2025\/07\/Capa--768x544.jpg 768w, https:\/\/jornalvaleevangelico.com.br\/wp-content\/uploads\/2025\/07\/Capa--1536x1088.jpg 1536w, https:\/\/jornalvaleevangelico.com.br\/wp-content\/uploads\/2025\/07\/Capa-.jpg 1766w\" sizes=\"(max-width: 300px) 100vw, 300px\" \/><\/a>\n<h4 class=\"pt-cv-title\"><a href=\"https:\/\/jornalvaleevangelico.com.br\/index.php\/2025\/07\/29\/assembleia-de-deus-celebra-aniversario-do-presidente-pr-jose-martins-de-calais-junior-com-grande-culto-em-acao-de-gracas\/\" class=\"_self\" target=\"_self\" >A D Celebra Anivers\u00e1rio do Presidente Pr. Jos\u00e9 Martins de Calais J\u00fanior com Grande Culto<\/a><\/h4>\n<div class=\"pt-cv-content\">Culto em A\u00e7\u00e3o de Gra\u00e7as contou com homenagens, louvores e presen\u00e7a de autoridades civis e eclesi\u00e1sticas em Fabriciano Na noite ...<br \/><div class=\"pt-cv-rmwrap\"><a href=\"https:\/\/jornalvaleevangelico.com.br\/index.php\/2025\/07\/29\/assembleia-de-deus-celebra-aniversario-do-presidente-pr-jose-martins-de-calais-junior-com-grande-culto-em-acao-de-gracas\/\" class=\"_self pt-cv-readmore btn btn-success\" target=\"_self\">Leia Mais<\/a><\/div><\/div><\/div><\/div>\n<div class=\"col-md-4 col-sm-6 col-xs-12 pt-cv-content-item pt-cv-1-col\" ><div class='pt-cv-ifield'><a href=\"https:\/\/jornalvaleevangelico.com.br\/index.php\/2025\/07\/25\/presidente-da-assembleia-de-deus-e-comadvardo-e-homenageado-por-liderancas-e-autoridades\/\" class=\"_self pt-cv-href-thumbnail pt-cv-thumb-default\" target=\"_self\" ><img loading=\"lazy\" decoding=\"async\" width=\"300\" height=\"255\" src=\"https:\/\/jornalvaleevangelico.com.br\/wp-content\/uploads\/2025\/07\/Aprovado-COMADVARDO-1-Copy-300x255.jpg\" class=\"pt-cv-thumbnail\" alt=\"\" srcset=\"https:\/\/jornalvaleevangelico.com.br\/wp-content\/uploads\/2025\/07\/Aprovado-COMADVARDO-1-Copy-300x255.jpg 300w, https:\/\/jornalvaleevangelico.com.br\/wp-content\/uploads\/2025\/07\/Aprovado-COMADVARDO-1-Copy-768x653.jpg 768w, https:\/\/jornalvaleevangelico.com.br\/wp-content\/uploads\/2025\/07\/Aprovado-COMADVARDO-1-Copy.jpg 800w\" sizes=\"(max-width: 300px) 100vw, 300px\" \/><\/a>\n<h4 class=\"pt-cv-title\"><a href=\"https:\/\/jornalvaleevangelico.com.br\/index.php\/2025\/07\/25\/presidente-da-assembleia-de-deus-e-comadvardo-e-homenageado-por-liderancas-e-autoridades\/\" class=\"_self\" target=\"_self\" >Presidente da Assembleia de Deus e COMADVARDO \u00e9 Homenageado por Lideran\u00e7as e Autoridades<\/a><\/h4>\n<div class=\"pt-cv-content\">Celebra\u00e7\u00e3o re\u00fane l\u00edderes eclesi\u00e1sticos, representantes pol\u00edticos e empresariais para exaltar a trajet\u00f3ria do presidente do Minist\u00e9rio Coronel Fabriciano-Ipatinga ...<br \/><div class=\"pt-cv-rmwrap\"><a href=\"https:\/\/jornalvaleevangelico.com.br\/index.php\/2025\/07\/25\/presidente-da-assembleia-de-deus-e-comadvardo-e-homenageado-por-liderancas-e-autoridades\/\" class=\"_self pt-cv-readmore btn btn-success\" target=\"_self\">Leia Mais<\/a><\/div><\/div><\/div><\/div>\n<div class=\"col-md-4 col-sm-6 col-xs-12 pt-cv-content-item pt-cv-1-col\" ><div class='pt-cv-ifield'><a href=\"https:\/\/jornalvaleevangelico.com.br\/index.php\/2025\/05\/20\/gratidao-e-honra-pela-vida-do-pr-gilmar-bicalho-maia\/\" class=\"_self pt-cv-href-thumbnail pt-cv-thumb-default\" target=\"_self\" ><img loading=\"lazy\" decoding=\"async\" width=\"300\" height=\"200\" src=\"https:\/\/jornalvaleevangelico.com.br\/wp-content\/uploads\/2025\/05\/A-ESSA-300x200.jpg\" class=\"pt-cv-thumbnail\" alt=\"\" srcset=\"https:\/\/jornalvaleevangelico.com.br\/wp-content\/uploads\/2025\/05\/A-ESSA-300x200.jpg 300w, https:\/\/jornalvaleevangelico.com.br\/wp-content\/uploads\/2025\/05\/A-ESSA-1024x683.jpg 1024w, https:\/\/jornalvaleevangelico.com.br\/wp-content\/uploads\/2025\/05\/A-ESSA-768x512.jpg 768w, https:\/\/jornalvaleevangelico.com.br\/wp-content\/uploads\/2025\/05\/A-ESSA-1536x1024.jpg 1536w, https:\/\/jornalvaleevangelico.com.br\/wp-content\/uploads\/2025\/05\/A-ESSA-2048x1365.jpg 2048w\" sizes=\"(max-width: 300px) 100vw, 300px\" \/><\/a>\n<h4 class=\"pt-cv-title\"><a href=\"https:\/\/jornalvaleevangelico.com.br\/index.php\/2025\/05\/20\/gratidao-e-honra-pela-vida-do-pr-gilmar-bicalho-maia\/\" class=\"_self\" target=\"_self\" >Gratid\u00e3o e Honra pela Vida do Pr. Gilmar Bicalho Maia<\/a><\/h4>\n<div class=\"pt-cv-content\">Templo Central celebra anivers\u00e1rio do pastor regional com culto festivo e homenagens emocionantes Durante o culto, houve um momento devocional ...<br \/><div class=\"pt-cv-rmwrap\"><a href=\"https:\/\/jornalvaleevangelico.com.br\/index.php\/2025\/05\/20\/gratidao-e-honra-pela-vida-do-pr-gilmar-bicalho-maia\/\" class=\"_self pt-cv-readmore btn btn-success\" target=\"_self\">Leia Mais<\/a><\/div><\/div><\/div><\/div>\n<div class=\"col-md-4 col-sm-6 col-xs-12 pt-cv-content-item pt-cv-1-col\" ><div class='pt-cv-ifield'><a href=\"https:\/\/jornalvaleevangelico.com.br\/index.php\/2025\/05\/04\/celebracao-dos-88-anos-do-pastor-antonio-rosa-uma-noite-de-gratidao-e-homenagens\/\" class=\"_self pt-cv-href-thumbnail pt-cv-thumb-default\" target=\"_self\" ><img loading=\"lazy\" decoding=\"async\" width=\"300\" height=\"181\" src=\"https:\/\/jornalvaleevangelico.com.br\/wp-content\/uploads\/2025\/05\/DSC_0205-Copy-300x181.jpg\" class=\"pt-cv-thumbnail\" alt=\"\" srcset=\"https:\/\/jornalvaleevangelico.com.br\/wp-content\/uploads\/2025\/05\/DSC_0205-Copy-300x181.jpg 300w, https:\/\/jornalvaleevangelico.com.br\/wp-content\/uploads\/2025\/05\/DSC_0205-Copy-1024x619.jpg 1024w, https:\/\/jornalvaleevangelico.com.br\/wp-content\/uploads\/2025\/05\/DSC_0205-Copy-768x465.jpg 768w, https:\/\/jornalvaleevangelico.com.br\/wp-content\/uploads\/2025\/05\/DSC_0205-Copy-1536x929.jpg 1536w, https:\/\/jornalvaleevangelico.com.br\/wp-content\/uploads\/2025\/05\/DSC_0205-Copy-2048x1239.jpg 2048w\" sizes=\"(max-width: 300px) 100vw, 300px\" \/><\/a>\n<h4 class=\"pt-cv-title\"><a href=\"https:\/\/jornalvaleevangelico.com.br\/index.php\/2025\/05\/04\/celebracao-dos-88-anos-do-pastor-antonio-rosa-uma-noite-de-gratidao-e-homenagens\/\" class=\"_self\" target=\"_self\" >Celebra\u00e7\u00e3o dos 88 anos do Pastor Ant\u00f4nio Rosa \u2013 Uma noite de gratid\u00e3o e homenagens<\/a><\/h4>\n<div class=\"pt-cv-content\">Pastor Ant\u00f4nio Rosa \u00e9 Homenageado em Celebra\u00e7\u00e3o \u00cdntima pelos seus 88 Anos: Igreja Vai At\u00e9 sua Resid\u00eancia para Culto de ...<br \/><div class=\"pt-cv-rmwrap\"><a href=\"https:\/\/jornalvaleevangelico.com.br\/index.php\/2025\/05\/04\/celebracao-dos-88-anos-do-pastor-antonio-rosa-uma-noite-de-gratidao-e-homenagens\/\" class=\"_self pt-cv-readmore btn btn-success\" target=\"_self\">Leia Mais<\/a><\/div><\/div><\/div><\/div><\/div><\/div><\/div>\n<div class=\"jorna-rodape jorna-entity-placement\" id=\"jorna-3740992173\"><div id=\"jorna-335043249\"><a href=\"https:\/\/gkscontabilidade.com\/\" aria-label=\"GKS Contabilidade\"><img src=\"https:\/\/jornalvaleevangelico.com.br\/wp-content\/uploads\/2023\/05\/GKS-Contabilidade.jpeg\" alt=\"\"  srcset=\"https:\/\/jornalvaleevangelico.com.br\/wp-content\/uploads\/2023\/05\/GKS-Contabilidade.jpeg 1600w, https:\/\/jornalvaleevangelico.com.br\/wp-content\/uploads\/2023\/05\/GKS-Contabilidade-300x65.jpeg 300w, https:\/\/jornalvaleevangelico.com.br\/wp-content\/uploads\/2023\/05\/GKS-Contabilidade-1024x223.jpeg 1024w, https:\/\/jornalvaleevangelico.com.br\/wp-content\/uploads\/2023\/05\/GKS-Contabilidade-768x168.jpeg 768w, https:\/\/jornalvaleevangelico.com.br\/wp-content\/uploads\/2023\/05\/GKS-Contabilidade-1536x335.jpeg 1536w\" sizes=\"(max-width: 1600px) 100vw, 1600px\" width=\"1600\" height=\"349\"   \/><\/a><\/div><\/div>","protected":false},"excerpt":{"rendered":"","protected":false},"author":1,"featured_media":0,"parent":0,"menu_order":0,"comment_status":"closed","ping_status":"closed","template":"","meta":{"_mi_skip_tracking":false,"_monsterinsights_sitenote_active":false,"_monsterinsights_sitenote_note":"","_monsterinsights_sitenote_category":0,"footnotes":""},"class_list":["post-25566","page","type-page","status-publish","hentry"],"_links":{"self":[{"href":"https:\/\/jornalvaleevangelico.com.br\/index.php\/wp-json\/wp\/v2\/pages\/25566","targetHints":{"allow":["GET"]}}],"collection":[{"href":"https:\/\/jornalvaleevangelico.com.br\/index.php\/wp-json\/wp\/v2\/pages"}],"about":[{"href":"https:\/\/jornalvaleevangelico.com.br\/index.php\/wp-json\/wp\/v2\/types\/page"}],"author":[{"embeddable":true,"href":"https:\/\/jornalvaleevangelico.com.br\/index.php\/wp-json\/wp\/v2\/users\/1"}],"replies":[{"embeddable":true,"href":"https:\/\/jornalvaleevangelico.com.br\/index.php\/wp-json\/wp\/v2\/comments?post=25566"}],"version-history":[{"count":2,"href":"https:\/\/jornalvaleevangelico.com.br\/index.php\/wp-json\/wp\/v2\/pages\/25566\/revisions"}],"predecessor-version":[{"id":25570,"href":"https:\/\/jornalvaleevangelico.com.br\/index.php\/wp-json\/wp\/v2\/pages\/25566\/revisions\/25570"}],"wp:attachment":[{"href":"https:\/\/jornalvaleevangelico.com.br\/index.php\/wp-json\/wp\/v2\/media?parent=25566"}],"curies":[{"name":"wp","href":"https:\/\/api.w.org\/{rel}","templated":true}]}}