{"id":66,"date":"2020-03-25T13:47:55","date_gmt":"2020-03-25T16:47:55","guid":{"rendered":"http:\/\/jornalvaleevangelico.com.br\/?page_id=66"},"modified":"2020-03-25T13:47:56","modified_gmt":"2020-03-25T16:47:56","slug":"educacao","status":"publish","type":"page","link":"https:\/\/jornalvaleevangelico.com.br\/index.php\/educacao\/","title":{"rendered":"Educa\u00e7\u00e3o"},"content":{"rendered":"<div class=\"pt-cv-wrapper\"><div class=\"pt-cv-view pt-cv-grid pt-cv-colsys\" id=\"pt-cv-view-205e087e3q\"><div data-id=\"pt-cv-page-1\" class=\"pt-cv-page\" data-cvc=\"3\"><div class=\"col-md-4 col-sm-6 col-xs-12 pt-cv-content-item pt-cv-1-col\" ><div class='pt-cv-ifield'><a href=\"https:\/\/jornalvaleevangelico.com.br\/index.php\/2026\/03\/26\/seletivo-para-monitores-da-educacao-integral\/\" class=\"_self pt-cv-href-thumbnail pt-cv-thumb-default\" target=\"_self\" ><img fetchpriority=\"high\" decoding=\"async\" width=\"300\" height=\"200\" src=\"https:\/\/jornalvaleevangelico.com.br\/wp-content\/uploads\/2026\/03\/PROCESSO-SELETIVO-300x200.jpeg\" class=\"pt-cv-thumbnail\" alt=\"\" srcset=\"https:\/\/jornalvaleevangelico.com.br\/wp-content\/uploads\/2026\/03\/PROCESSO-SELETIVO-300x200.jpeg 300w, https:\/\/jornalvaleevangelico.com.br\/wp-content\/uploads\/2026\/03\/PROCESSO-SELETIVO-1024x682.jpeg 1024w, https:\/\/jornalvaleevangelico.com.br\/wp-content\/uploads\/2026\/03\/PROCESSO-SELETIVO-768x512.jpeg 768w, https:\/\/jornalvaleevangelico.com.br\/wp-content\/uploads\/2026\/03\/PROCESSO-SELETIVO-1536x1023.jpeg 1536w, https:\/\/jornalvaleevangelico.com.br\/wp-content\/uploads\/2026\/03\/PROCESSO-SELETIVO.jpeg 1600w\" sizes=\"(max-width: 300px) 100vw, 300px\" \/><\/a>\n<h4 class=\"pt-cv-title\"><a href=\"https:\/\/jornalvaleevangelico.com.br\/index.php\/2026\/03\/26\/seletivo-para-monitores-da-educacao-integral\/\" class=\"_self\" target=\"_self\" >Seletivo para monitores da Educa\u00e7\u00e3o Integral<\/a><\/h4>\n<div class=\"pt-cv-content\">Inscri\u00e7\u00f5es seguem at\u00e9 1\u00ba de abril e s\u00e3o feitas pela internet A Prefeitura de Ipatinga publicou o Edital de Processo ...<br \/><div class=\"pt-cv-rmwrap\"><a href=\"https:\/\/jornalvaleevangelico.com.br\/index.php\/2026\/03\/26\/seletivo-para-monitores-da-educacao-integral\/\" class=\"_self pt-cv-readmore btn btn-success\" target=\"_self\">Leia Mais<\/a><\/div><\/div><\/div><\/div>\n<div class=\"col-md-4 col-sm-6 col-xs-12 pt-cv-content-item pt-cv-1-col\" ><div class='pt-cv-ifield'><a href=\"https:\/\/jornalvaleevangelico.com.br\/index.php\/2026\/03\/18\/estatuto-digital-da-crianca-e-do-adolescente-comeca-a-valer-nesta-terca\/\" class=\"_self pt-cv-href-thumbnail pt-cv-thumb-default\" target=\"_self\" ><img decoding=\"async\" width=\"300\" height=\"182\" src=\"https:\/\/jornalvaleevangelico.com.br\/wp-content\/uploads\/2026\/03\/criancacel-300x182.jpg\" class=\"pt-cv-thumbnail\" alt=\"\" srcset=\"https:\/\/jornalvaleevangelico.com.br\/wp-content\/uploads\/2026\/03\/criancacel-300x182.jpg 300w, https:\/\/jornalvaleevangelico.com.br\/wp-content\/uploads\/2026\/03\/criancacel-1024x622.jpg 1024w, https:\/\/jornalvaleevangelico.com.br\/wp-content\/uploads\/2026\/03\/criancacel-768x466.jpg 768w, https:\/\/jornalvaleevangelico.com.br\/wp-content\/uploads\/2026\/03\/criancacel-1115x679.jpg 1115w, https:\/\/jornalvaleevangelico.com.br\/wp-content\/uploads\/2026\/03\/criancacel.jpg 1118w\" sizes=\"(max-width: 300px) 100vw, 300px\" \/><\/a>\n<h4 class=\"pt-cv-title\"><a href=\"https:\/\/jornalvaleevangelico.com.br\/index.php\/2026\/03\/18\/estatuto-digital-da-crianca-e-do-adolescente-comeca-a-valer-nesta-terca\/\" class=\"_self\" target=\"_self\" >Estatuto Digital da Crian\u00e7a e do Adolescente come\u00e7a a valer nesta ter\u00e7a<\/a><\/h4>\n<div class=\"pt-cv-content\">Legisla\u00e7\u00e3o busca regular acesso online e garantir a seguran\u00e7a de usu\u00e1rios menores de idade A partir dessa ter\u00e7a-feira (17), entra ...<br \/><div class=\"pt-cv-rmwrap\"><a href=\"https:\/\/jornalvaleevangelico.com.br\/index.php\/2026\/03\/18\/estatuto-digital-da-crianca-e-do-adolescente-comeca-a-valer-nesta-terca\/\" class=\"_self pt-cv-readmore btn btn-success\" target=\"_self\">Leia Mais<\/a><\/div><\/div><\/div><\/div>\n<div class=\"col-md-4 col-sm-6 col-xs-12 pt-cv-content-item pt-cv-1-col\" ><div class='pt-cv-ifield'><a href=\"https:\/\/jornalvaleevangelico.com.br\/index.php\/2026\/02\/19\/fies-2026-pre-selecao-da-chamada-unica-sera-divulgada-nesta-quinta\/\" class=\"_self pt-cv-href-thumbnail pt-cv-thumb-default\" target=\"_self\" ><img decoding=\"async\" width=\"300\" height=\"179\" src=\"https:\/\/jornalvaleevangelico.com.br\/wp-content\/uploads\/2026\/02\/Untitled-1-1-300x179.jpg\" class=\"pt-cv-thumbnail\" alt=\"\" srcset=\"https:\/\/jornalvaleevangelico.com.br\/wp-content\/uploads\/2026\/02\/Untitled-1-1-300x179.jpg 300w, https:\/\/jornalvaleevangelico.com.br\/wp-content\/uploads\/2026\/02\/Untitled-1-1-1024x613.jpg 1024w, https:\/\/jornalvaleevangelico.com.br\/wp-content\/uploads\/2026\/02\/Untitled-1-1-768x459.jpg 768w, https:\/\/jornalvaleevangelico.com.br\/wp-content\/uploads\/2026\/02\/Untitled-1-1.jpg 1170w\" sizes=\"(max-width: 300px) 100vw, 300px\" \/><\/a>\n<h4 class=\"pt-cv-title\"><a href=\"https:\/\/jornalvaleevangelico.com.br\/index.php\/2026\/02\/19\/fies-2026-pre-selecao-da-chamada-unica-sera-divulgada-nesta-quinta\/\" class=\"_self\" target=\"_self\" >Fies 2026: pr\u00e9-sele\u00e7\u00e3o da chamada \u00fanica ser\u00e1 divulgada nesta quinta<\/a><\/h4>\n<div class=\"pt-cv-content\">Consulta deve ser feita no Portal \u00danico de Acesso ao Ensino Superior O Minist\u00e9rio da Educa\u00e7\u00e3o (MEC) divulga, nesta quinta-feira ...<br \/><div class=\"pt-cv-rmwrap\"><a href=\"https:\/\/jornalvaleevangelico.com.br\/index.php\/2026\/02\/19\/fies-2026-pre-selecao-da-chamada-unica-sera-divulgada-nesta-quinta\/\" class=\"_self pt-cv-readmore btn btn-success\" target=\"_self\">Leia Mais<\/a><\/div><\/div><\/div><\/div>\n<div class=\"col-md-4 col-sm-6 col-xs-12 pt-cv-content-item pt-cv-1-col\" ><div class='pt-cv-ifield'><a href=\"https:\/\/jornalvaleevangelico.com.br\/index.php\/2026\/01\/30\/professora-com-30-anos-de-experiencia-afirma-e-melhor-crianca-ter-desempenho-um-pouco-pior-que-ser-matriculada-as-pressas-em-aulas-de-reforco\/\" class=\"_self pt-cv-href-thumbnail pt-cv-thumb-default\" target=\"_self\" ><img loading=\"lazy\" decoding=\"async\" width=\"300\" height=\"171\" src=\"https:\/\/jornalvaleevangelico.com.br\/wp-content\/uploads\/2026\/01\/Aulas-1-300x171.jpg\" class=\"pt-cv-thumbnail\" alt=\"\" srcset=\"https:\/\/jornalvaleevangelico.com.br\/wp-content\/uploads\/2026\/01\/Aulas-1-300x171.jpg 300w, https:\/\/jornalvaleevangelico.com.br\/wp-content\/uploads\/2026\/01\/Aulas-1-1024x585.jpg 1024w, https:\/\/jornalvaleevangelico.com.br\/wp-content\/uploads\/2026\/01\/Aulas-1-768x439.jpg 768w, https:\/\/jornalvaleevangelico.com.br\/wp-content\/uploads\/2026\/01\/Aulas-1.jpg 1280w\" sizes=\"(max-width: 300px) 100vw, 300px\" \/><\/a>\n<h4 class=\"pt-cv-title\"><a href=\"https:\/\/jornalvaleevangelico.com.br\/index.php\/2026\/01\/30\/professora-com-30-anos-de-experiencia-afirma-e-melhor-crianca-ter-desempenho-um-pouco-pior-que-ser-matriculada-as-pressas-em-aulas-de-reforco\/\" class=\"_self\" target=\"_self\" >Professora com 30 anos de experi\u00eancia afirma: \u00e9 melhor crian\u00e7a ter desempenho um pouco pior que ser matriculada \u00e0s pressas em aulas de refor\u00e7o<\/a><\/h4>\n<div class=\"pt-cv-content\">Aulas demais podem parecer solu\u00e7\u00e3o, mas acabam desmotivando crian\u00e7as Na vida cada vez mais acelerada de hoje, muitos pais sentem ...<br \/><div class=\"pt-cv-rmwrap\"><a href=\"https:\/\/jornalvaleevangelico.com.br\/index.php\/2026\/01\/30\/professora-com-30-anos-de-experiencia-afirma-e-melhor-crianca-ter-desempenho-um-pouco-pior-que-ser-matriculada-as-pressas-em-aulas-de-reforco\/\" class=\"_self pt-cv-readmore btn btn-success\" target=\"_self\">Leia Mais<\/a><\/div><\/div><\/div><\/div>\n<div class=\"col-md-4 col-sm-6 col-xs-12 pt-cv-content-item pt-cv-1-col\" ><div class='pt-cv-ifield'><a href=\"https:\/\/jornalvaleevangelico.com.br\/index.php\/2025\/12\/20\/assembleia-de-deus-regional-de-acucena-celebra-formatura-da-2a-turma-do-curso-de-teologia-do-ibadep\/\" class=\"_self pt-cv-href-thumbnail pt-cv-thumb-default\" target=\"_self\" ><img loading=\"lazy\" decoding=\"async\" width=\"300\" height=\"183\" src=\"https:\/\/jornalvaleevangelico.com.br\/wp-content\/uploads\/2025\/12\/WhatsApp-Image-2025-12-19-at-21.25.41-300x183.jpg\" class=\"pt-cv-thumbnail\" alt=\"\" srcset=\"https:\/\/jornalvaleevangelico.com.br\/wp-content\/uploads\/2025\/12\/WhatsApp-Image-2025-12-19-at-21.25.41-300x183.jpg 300w, https:\/\/jornalvaleevangelico.com.br\/wp-content\/uploads\/2025\/12\/WhatsApp-Image-2025-12-19-at-21.25.41.jpg 720w\" sizes=\"(max-width: 300px) 100vw, 300px\" \/><\/a>\n<h4 class=\"pt-cv-title\"><a href=\"https:\/\/jornalvaleevangelico.com.br\/index.php\/2025\/12\/20\/assembleia-de-deus-regional-de-acucena-celebra-formatura-da-2a-turma-do-curso-de-teologia-do-ibadep\/\" class=\"_self\" target=\"_self\" >Assembleia de Deus Regional de A\u00e7ucena celebra formatura da 2\u00aa turma do Curso de Teologia do IBADEP<\/a><\/h4>\n<div class=\"pt-cv-content\">Solenidade reuniu 27 formandos em uma noite de f\u00e9, gratid\u00e3o e reconhecimento, com a presen\u00e7a de lideran\u00e7as ministeriais e reafirma\u00e7\u00e3o ...<br \/><div class=\"pt-cv-rmwrap\"><a href=\"https:\/\/jornalvaleevangelico.com.br\/index.php\/2025\/12\/20\/assembleia-de-deus-regional-de-acucena-celebra-formatura-da-2a-turma-do-curso-de-teologia-do-ibadep\/\" class=\"_self pt-cv-readmore btn btn-success\" target=\"_self\">Leia Mais<\/a><\/div><\/div><\/div><\/div>\n<div class=\"col-md-4 col-sm-6 col-xs-12 pt-cv-content-item pt-cv-1-col\" ><div class='pt-cv-ifield'><a href=\"https:\/\/jornalvaleevangelico.com.br\/index.php\/2025\/06\/30\/inscricoes-para-concorrer-as-bolsas-do-prouni-comecam-nesta-segunda\/\" class=\"_self pt-cv-href-thumbnail pt-cv-thumb-default\" target=\"_self\" ><img loading=\"lazy\" decoding=\"async\" width=\"300\" height=\"159\" src=\"https:\/\/jornalvaleevangelico.com.br\/wp-content\/uploads\/2025\/06\/Prouni-300x159.jpg\" class=\"pt-cv-thumbnail\" alt=\"\" srcset=\"https:\/\/jornalvaleevangelico.com.br\/wp-content\/uploads\/2025\/06\/Prouni-300x159.jpg 300w, https:\/\/jornalvaleevangelico.com.br\/wp-content\/uploads\/2025\/06\/Prouni-768x407.jpg 768w, https:\/\/jornalvaleevangelico.com.br\/wp-content\/uploads\/2025\/06\/Prouni.jpg 941w\" sizes=\"(max-width: 300px) 100vw, 300px\" \/><\/a>\n<h4 class=\"pt-cv-title\"><a href=\"https:\/\/jornalvaleevangelico.com.br\/index.php\/2025\/06\/30\/inscricoes-para-concorrer-as-bolsas-do-prouni-comecam-nesta-segunda\/\" class=\"_self\" target=\"_self\" >Inscri\u00e7\u00f5es para concorrer \u00e0s bolsas do Prouni come\u00e7am nesta segunda<\/a><\/h4>\n<div class=\"pt-cv-content\">Prazo para se candidatar vai at\u00e9 4 de julho As inscri\u00e7\u00f5es para o processo seletivo do Programa Universidade para Todos ...<br \/><div class=\"pt-cv-rmwrap\"><a href=\"https:\/\/jornalvaleevangelico.com.br\/index.php\/2025\/06\/30\/inscricoes-para-concorrer-as-bolsas-do-prouni-comecam-nesta-segunda\/\" class=\"_self pt-cv-readmore btn btn-success\" target=\"_self\">Leia Mais<\/a><\/div><\/div><\/div><\/div>\n<div class=\"col-md-4 col-sm-6 col-xs-12 pt-cv-content-item pt-cv-1-col\" ><div class='pt-cv-ifield'><a href=\"https:\/\/jornalvaleevangelico.com.br\/index.php\/2025\/05\/30\/lei-que-permite-uso-da-biblia-como-material-paradidatico-em-escolas-de-bh-entra-em-vigor\/\" class=\"_self pt-cv-href-thumbnail pt-cv-thumb-default\" target=\"_self\" ><img loading=\"lazy\" decoding=\"async\" width=\"300\" height=\"179\" src=\"https:\/\/jornalvaleevangelico.com.br\/wp-content\/uploads\/2025\/05\/Biblia-300x179.jpg\" class=\"pt-cv-thumbnail\" alt=\"\" srcset=\"https:\/\/jornalvaleevangelico.com.br\/wp-content\/uploads\/2025\/05\/Biblia-300x179.jpg 300w, https:\/\/jornalvaleevangelico.com.br\/wp-content\/uploads\/2025\/05\/Biblia-768x457.jpg 768w, https:\/\/jornalvaleevangelico.com.br\/wp-content\/uploads\/2025\/05\/Biblia.jpg 840w\" sizes=\"(max-width: 300px) 100vw, 300px\" \/><\/a>\n<h4 class=\"pt-cv-title\"><a href=\"https:\/\/jornalvaleevangelico.com.br\/index.php\/2025\/05\/30\/lei-que-permite-uso-da-biblia-como-material-paradidatico-em-escolas-de-bh-entra-em-vigor\/\" class=\"_self\" target=\"_self\" >Lei que permite uso da B\u00edblia como material paradid\u00e1tico em escolas de BH entra em vigor<\/a><\/h4>\n<div class=\"pt-cv-content\">Com a nova lei, hist\u00f3rias b\u00edblicas poder\u00e3o ser utilizadas pelos professores para complementar o ensino de hist\u00f3ria, literatura, artes, filosofia ...<br \/><div class=\"pt-cv-rmwrap\"><a href=\"https:\/\/jornalvaleevangelico.com.br\/index.php\/2025\/05\/30\/lei-que-permite-uso-da-biblia-como-material-paradidatico-em-escolas-de-bh-entra-em-vigor\/\" class=\"_self pt-cv-readmore btn btn-success\" target=\"_self\">Leia Mais<\/a><\/div><\/div><\/div><\/div>\n<div class=\"col-md-4 col-sm-6 col-xs-12 pt-cv-content-item pt-cv-1-col\" ><div class='pt-cv-ifield'><a href=\"https:\/\/jornalvaleevangelico.com.br\/index.php\/2025\/05\/16\/governo-de-minas-anuncia-novo-concurso-publico-da-educacao-com-13-795-mil-vagas\/\" class=\"_self pt-cv-href-thumbnail pt-cv-thumb-default\" target=\"_self\" ><img loading=\"lazy\" decoding=\"async\" width=\"300\" height=\"112\" src=\"https:\/\/jornalvaleevangelico.com.br\/wp-content\/uploads\/2025\/05\/GIL_NOMEACAO_PROFESSORES_EDUCACAO_MG_1441__Gil_Leonardi_001-300x112.jpg\" class=\"pt-cv-thumbnail\" alt=\"\" srcset=\"https:\/\/jornalvaleevangelico.com.br\/wp-content\/uploads\/2025\/05\/GIL_NOMEACAO_PROFESSORES_EDUCACAO_MG_1441__Gil_Leonardi_001-300x112.jpg 300w, https:\/\/jornalvaleevangelico.com.br\/wp-content\/uploads\/2025\/05\/GIL_NOMEACAO_PROFESSORES_EDUCACAO_MG_1441__Gil_Leonardi_001-768x286.jpg 768w, https:\/\/jornalvaleevangelico.com.br\/wp-content\/uploads\/2025\/05\/GIL_NOMEACAO_PROFESSORES_EDUCACAO_MG_1441__Gil_Leonardi_001.jpg 940w\" sizes=\"(max-width: 300px) 100vw, 300px\" \/><\/a>\n<h4 class=\"pt-cv-title\"><a href=\"https:\/\/jornalvaleevangelico.com.br\/index.php\/2025\/05\/16\/governo-de-minas-anuncia-novo-concurso-publico-da-educacao-com-13-795-mil-vagas\/\" class=\"_self\" target=\"_self\" >Governo de Minas anuncia novo concurso p\u00fablico da Educa\u00e7\u00e3o com 13.795 mil vagas<\/a><\/h4>\n<div class=\"pt-cv-content\">Edital publicado nesta sexta-feira (16\/5) contempla diversas carreiras da rede estadual; inscri\u00e7\u00f5es abrem no pr\u00f3ximo m\u00eas de julho O\u00a0Governo de ...<br \/><div class=\"pt-cv-rmwrap\"><a href=\"https:\/\/jornalvaleevangelico.com.br\/index.php\/2025\/05\/16\/governo-de-minas-anuncia-novo-concurso-publico-da-educacao-com-13-795-mil-vagas\/\" class=\"_self pt-cv-readmore btn btn-success\" target=\"_self\">Leia Mais<\/a><\/div><\/div><\/div><\/div>\n<div class=\"col-md-4 col-sm-6 col-xs-12 pt-cv-content-item pt-cv-1-col\" ><div class='pt-cv-ifield'><a href=\"https:\/\/jornalvaleevangelico.com.br\/index.php\/2025\/02\/12\/professora-trans-da-aula-vestida-de-princesa-e-gera-polemica\/\" class=\"_self pt-cv-href-thumbnail pt-cv-thumb-default\" target=\"_self\" ><img loading=\"lazy\" decoding=\"async\" width=\"300\" height=\"191\" src=\"https:\/\/jornalvaleevangelico.com.br\/wp-content\/uploads\/2025\/02\/trans-300x191.jpg\" class=\"pt-cv-thumbnail\" alt=\"\" srcset=\"https:\/\/jornalvaleevangelico.com.br\/wp-content\/uploads\/2025\/02\/trans-300x191.jpg 300w, https:\/\/jornalvaleevangelico.com.br\/wp-content\/uploads\/2025\/02\/trans-768x488.jpg 768w, https:\/\/jornalvaleevangelico.com.br\/wp-content\/uploads\/2025\/02\/trans.jpg 807w\" sizes=\"(max-width: 300px) 100vw, 300px\" \/><\/a>\n<h4 class=\"pt-cv-title\"><a href=\"https:\/\/jornalvaleevangelico.com.br\/index.php\/2025\/02\/12\/professora-trans-da-aula-vestida-de-princesa-e-gera-polemica\/\" class=\"_self\" target=\"_self\" >Professora trans d\u00e1 aula vestida de princesa e gera pol\u00eamica<\/a><\/h4>\n<div class=\"pt-cv-content\">Secretaria Municipal de Educa\u00e7\u00e3o vai investigar o caso A professora Emy Mateus Santos, de 25 anos, gerou pol\u00eamica em Campo ...<br \/><div class=\"pt-cv-rmwrap\"><a href=\"https:\/\/jornalvaleevangelico.com.br\/index.php\/2025\/02\/12\/professora-trans-da-aula-vestida-de-princesa-e-gera-polemica\/\" class=\"_self pt-cv-readmore btn btn-success\" target=\"_self\">Leia Mais<\/a><\/div><\/div><\/div><\/div>\n<div class=\"col-md-4 col-sm-6 col-xs-12 pt-cv-content-item pt-cv-1-col\" ><div class='pt-cv-ifield'><a href=\"https:\/\/jornalvaleevangelico.com.br\/index.php\/2024\/11\/06\/comissao-da-camara-dos-deputados-aprova-proibicao-do-uso-de-celulares-nas-escolas\/\" class=\"_self pt-cv-href-thumbnail pt-cv-thumb-default\" target=\"_self\" ><img loading=\"lazy\" decoding=\"async\" width=\"300\" height=\"230\" src=\"https:\/\/jornalvaleevangelico.com.br\/wp-content\/uploads\/2024\/11\/Educacao-300x230.jpg\" class=\"pt-cv-thumbnail\" alt=\"\" srcset=\"https:\/\/jornalvaleevangelico.com.br\/wp-content\/uploads\/2024\/11\/Educacao-300x230.jpg 300w, https:\/\/jornalvaleevangelico.com.br\/wp-content\/uploads\/2024\/11\/Educacao-768x590.jpg 768w, https:\/\/jornalvaleevangelico.com.br\/wp-content\/uploads\/2024\/11\/Educacao.jpg 1024w\" sizes=\"(max-width: 300px) 100vw, 300px\" \/><\/a>\n<h4 class=\"pt-cv-title\"><a href=\"https:\/\/jornalvaleevangelico.com.br\/index.php\/2024\/11\/06\/comissao-da-camara-dos-deputados-aprova-proibicao-do-uso-de-celulares-nas-escolas\/\" class=\"_self\" target=\"_self\" >Comiss\u00e3o da C\u00e2mara dos Deputados aprova proibi\u00e7\u00e3o do uso de celulares nas escolas<\/a><\/h4>\n<div class=\"pt-cv-content\">Principal colegiado da C\u00e2mara ir\u00e1 analisar o texto, e sendo aprovado, a lei entra em vigor na data de sua ...<br \/><div class=\"pt-cv-rmwrap\"><a href=\"https:\/\/jornalvaleevangelico.com.br\/index.php\/2024\/11\/06\/comissao-da-camara-dos-deputados-aprova-proibicao-do-uso-de-celulares-nas-escolas\/\" class=\"_self pt-cv-readmore btn btn-success\" target=\"_self\">Leia Mais<\/a><\/div><\/div><\/div><\/div><\/div><\/div><\/div>\n<div class=\"jorna-rodape jorna-entity-placement\" id=\"jorna-484795021\"><div id=\"jorna-1960260198\"><a href=\"https:\/\/gkscontabilidade.com\/\" aria-label=\"GKS Contabilidade\"><img src=\"https:\/\/jornalvaleevangelico.com.br\/wp-content\/uploads\/2023\/05\/GKS-Contabilidade.jpeg\" alt=\"\"  srcset=\"https:\/\/jornalvaleevangelico.com.br\/wp-content\/uploads\/2023\/05\/GKS-Contabilidade.jpeg 1600w, https:\/\/jornalvaleevangelico.com.br\/wp-content\/uploads\/2023\/05\/GKS-Contabilidade-300x65.jpeg 300w, https:\/\/jornalvaleevangelico.com.br\/wp-content\/uploads\/2023\/05\/GKS-Contabilidade-1024x223.jpeg 1024w, https:\/\/jornalvaleevangelico.com.br\/wp-content\/uploads\/2023\/05\/GKS-Contabilidade-768x168.jpeg 768w, https:\/\/jornalvaleevangelico.com.br\/wp-content\/uploads\/2023\/05\/GKS-Contabilidade-1536x335.jpeg 1536w\" sizes=\"(max-width: 1600px) 100vw, 1600px\" width=\"1600\" height=\"349\"   \/><\/a><\/div><\/div>","protected":false},"excerpt":{"rendered":"","protected":false},"author":1,"featured_media":0,"parent":0,"menu_order":0,"comment_status":"closed","ping_status":"closed","template":"","meta":{"_mi_skip_tracking":false,"_monsterinsights_sitenote_active":false,"_monsterinsights_sitenote_note":"","_monsterinsights_sitenote_category":0,"footnotes":""},"class_list":["post-66","page","type-page","status-publish","hentry"],"_links":{"self":[{"href":"https:\/\/jornalvaleevangelico.com.br\/index.php\/wp-json\/wp\/v2\/pages\/66","targetHints":{"allow":["GET"]}}],"collection":[{"href":"https:\/\/jornalvaleevangelico.com.br\/index.php\/wp-json\/wp\/v2\/pages"}],"about":[{"href":"https:\/\/jornalvaleevangelico.com.br\/index.php\/wp-json\/wp\/v2\/types\/page"}],"author":[{"embeddable":true,"href":"https:\/\/jornalvaleevangelico.com.br\/index.php\/wp-json\/wp\/v2\/users\/1"}],"replies":[{"embeddable":true,"href":"https:\/\/jornalvaleevangelico.com.br\/index.php\/wp-json\/wp\/v2\/comments?post=66"}],"version-history":[{"count":1,"href":"https:\/\/jornalvaleevangelico.com.br\/index.php\/wp-json\/wp\/v2\/pages\/66\/revisions"}],"predecessor-version":[{"id":67,"href":"https:\/\/jornalvaleevangelico.com.br\/index.php\/wp-json\/wp\/v2\/pages\/66\/revisions\/67"}],"wp:attachment":[{"href":"https:\/\/jornalvaleevangelico.com.br\/index.php\/wp-json\/wp\/v2\/media?parent=66"}],"curies":[{"name":"wp","href":"https:\/\/api.w.org\/{rel}","templated":true}]}}