{"id":68,"date":"2020-03-25T13:48:21","date_gmt":"2020-03-25T16:48:21","guid":{"rendered":"http:\/\/jornalvaleevangelico.com.br\/?page_id=68"},"modified":"2020-03-31T13:29:32","modified_gmt":"2020-03-31T16:29:32","slug":"entrevista","status":"publish","type":"page","link":"https:\/\/jornalvaleevangelico.com.br\/index.php\/entrevista\/","title":{"rendered":"Entrevista"},"content":{"rendered":"<div class=\"pt-cv-wrapper\"><div class=\"pt-cv-view pt-cv-grid pt-cv-colsys\" id=\"pt-cv-view-97388c4bh8\"><div data-id=\"pt-cv-page-1\" class=\"pt-cv-page\" data-cvc=\"3\"><div class=\"col-md-4 col-sm-6 col-xs-12 pt-cv-content-item pt-cv-1-col\" ><div class='pt-cv-ifield'><a href=\"https:\/\/jornalvaleevangelico.com.br\/index.php\/2026\/02\/25\/a-lideranca-pastoral-e-os-avancos-da-assistencia-social-evangelica-em-ipatinga\/\" class=\"_self pt-cv-href-thumbnail pt-cv-thumb-default\" target=\"_self\" ><img fetchpriority=\"high\" decoding=\"async\" width=\"300\" height=\"275\" src=\"https:\/\/jornalvaleevangelico.com.br\/wp-content\/uploads\/2026\/02\/1o-Tisoreiro-Pr.-Ozimar-Anastacio-Ales-CopyA-300x275.jpg\" class=\"pt-cv-thumbnail\" alt=\"\" srcset=\"https:\/\/jornalvaleevangelico.com.br\/wp-content\/uploads\/2026\/02\/1o-Tisoreiro-Pr.-Ozimar-Anastacio-Ales-CopyA-300x275.jpg 300w, https:\/\/jornalvaleevangelico.com.br\/wp-content\/uploads\/2026\/02\/1o-Tisoreiro-Pr.-Ozimar-Anastacio-Ales-CopyA.jpg 627w\" sizes=\"(max-width: 300px) 100vw, 300px\" \/><\/a>\n<h4 class=\"pt-cv-title\"><a href=\"https:\/\/jornalvaleevangelico.com.br\/index.php\/2026\/02\/25\/a-lideranca-pastoral-e-os-avancos-da-assistencia-social-evangelica-em-ipatinga\/\" class=\"_self\" target=\"_self\" >A lideran\u00e7a pastoral e os avan\u00e7os da assist\u00eancia social evang\u00e9lica em Ipatinga<\/a><\/h4>\n<div class=\"pt-cv-content\">Entrevistado: Pr. Ozimar Ales Anast\u00e1cioPresidente da A\u00e7\u00e3o Evang\u00e9lica de Amparo aos Necessitados de IpatingaPresidente do Centro Educacional Pastor Ant\u00f4nio Rosa ...<br \/><div class=\"pt-cv-rmwrap\"><a href=\"https:\/\/jornalvaleevangelico.com.br\/index.php\/2026\/02\/25\/a-lideranca-pastoral-e-os-avancos-da-assistencia-social-evangelica-em-ipatinga\/\" class=\"_self pt-cv-readmore btn btn-success\" target=\"_self\">Leia Mais<\/a><\/div><\/div><\/div><\/div>\n<div class=\"col-md-4 col-sm-6 col-xs-12 pt-cv-content-item pt-cv-1-col\" ><div class='pt-cv-ifield'><a href=\"https:\/\/jornalvaleevangelico.com.br\/index.php\/2025\/07\/14\/ideia-de-moeda-comum-do-brics-foi-de-lula-diz-chanceler-russo\/\" class=\"_self pt-cv-href-thumbnail pt-cv-thumb-default\" target=\"_self\" ><img decoding=\"async\" width=\"300\" height=\"180\" src=\"https:\/\/jornalvaleevangelico.com.br\/wp-content\/uploads\/2025\/07\/Russo-300x180.jpg\" class=\"pt-cv-thumbnail\" alt=\"\" srcset=\"https:\/\/jornalvaleevangelico.com.br\/wp-content\/uploads\/2025\/07\/Russo-300x180.jpg 300w, https:\/\/jornalvaleevangelico.com.br\/wp-content\/uploads\/2025\/07\/Russo-768x460.jpg 768w, https:\/\/jornalvaleevangelico.com.br\/wp-content\/uploads\/2025\/07\/Russo.jpg 982w\" sizes=\"(max-width: 300px) 100vw, 300px\" \/><\/a>\n<h4 class=\"pt-cv-title\"><a href=\"https:\/\/jornalvaleevangelico.com.br\/index.php\/2025\/07\/14\/ideia-de-moeda-comum-do-brics-foi-de-lula-diz-chanceler-russo\/\" class=\"_self\" target=\"_self\" >Ideia de moeda comum do Brics foi de Lula, diz chanceler russo<\/a><\/h4>\n<div class=\"pt-cv-content\">Fala de Sergei Lavrov foi relembrada ap\u00f3s rea\u00e7\u00e3o de Donald Trump Voltou a circular na imprensa a entrevista que o ...<br \/><div class=\"pt-cv-rmwrap\"><a href=\"https:\/\/jornalvaleevangelico.com.br\/index.php\/2025\/07\/14\/ideia-de-moeda-comum-do-brics-foi-de-lula-diz-chanceler-russo\/\" class=\"_self pt-cv-readmore btn btn-success\" target=\"_self\">Leia Mais<\/a><\/div><\/div><\/div><\/div>\n<div class=\"col-md-4 col-sm-6 col-xs-12 pt-cv-content-item pt-cv-1-col\" ><div class='pt-cv-ifield'><a href=\"https:\/\/jornalvaleevangelico.com.br\/index.php\/2025\/06\/19\/75a-ago-da-comadvardo-unidade-edificacao-e-a-viva-esperanca-na-volta-de-jesus\/\" class=\"_self pt-cv-href-thumbnail pt-cv-thumb-default\" target=\"_self\" ><img decoding=\"async\" width=\"300\" height=\"210\" src=\"https:\/\/jornalvaleevangelico.com.br\/wp-content\/uploads\/2025\/06\/Pr.-Jose-Martins-de-Calais-Junior-Presidente-do-Ministerio-Coronel-Fabriciano-Ipatinga-e-da-COMADVARDO-Copy-300x210.jpg\" class=\"pt-cv-thumbnail\" alt=\"\" srcset=\"https:\/\/jornalvaleevangelico.com.br\/wp-content\/uploads\/2025\/06\/Pr.-Jose-Martins-de-Calais-Junior-Presidente-do-Ministerio-Coronel-Fabriciano-Ipatinga-e-da-COMADVARDO-Copy-300x210.jpg 300w, https:\/\/jornalvaleevangelico.com.br\/wp-content\/uploads\/2025\/06\/Pr.-Jose-Martins-de-Calais-Junior-Presidente-do-Ministerio-Coronel-Fabriciano-Ipatinga-e-da-COMADVARDO-Copy.jpg 509w\" sizes=\"(max-width: 300px) 100vw, 300px\" \/><\/a>\n<h4 class=\"pt-cv-title\"><a href=\"https:\/\/jornalvaleevangelico.com.br\/index.php\/2025\/06\/19\/75a-ago-da-comadvardo-unidade-edificacao-e-a-viva-esperanca-na-volta-de-jesus\/\" class=\"_self\" target=\"_self\" >75\u00aa AGO da COMADVARDO: Unidade, Edifica\u00e7\u00e3o e a Viva Esperan\u00e7a na Volta de Jesus<\/a><\/h4>\n<div class=\"pt-cv-content\">Assembleia refor\u00e7a o compromisso com a s\u00e3 doutrina, promove fortalecimento ministerial e destaca o tema prof\u00e9tico \u201cBreve Jesus Voltar\u00e1\u201d Presidente, ...<br \/><div class=\"pt-cv-rmwrap\"><a href=\"https:\/\/jornalvaleevangelico.com.br\/index.php\/2025\/06\/19\/75a-ago-da-comadvardo-unidade-edificacao-e-a-viva-esperanca-na-volta-de-jesus\/\" class=\"_self pt-cv-readmore btn btn-success\" target=\"_self\">Leia Mais<\/a><\/div><\/div><\/div><\/div>\n<div class=\"col-md-4 col-sm-6 col-xs-12 pt-cv-content-item pt-cv-1-col\" ><div class='pt-cv-ifield'><a href=\"https:\/\/jornalvaleevangelico.com.br\/index.php\/2025\/02\/22\/jair-bolsonaro-concede-entrevista-exclusiva-ao-pleno-news-assista\/\" class=\"_self pt-cv-href-thumbnail pt-cv-thumb-default\" target=\"_self\" ><img loading=\"lazy\" decoding=\"async\" width=\"300\" height=\"248\" src=\"https:\/\/jornalvaleevangelico.com.br\/wp-content\/uploads\/2025\/02\/Entrevi-300x248.jpg\" class=\"pt-cv-thumbnail\" alt=\"\" srcset=\"https:\/\/jornalvaleevangelico.com.br\/wp-content\/uploads\/2025\/02\/Entrevi-300x248.jpg 300w, https:\/\/jornalvaleevangelico.com.br\/wp-content\/uploads\/2025\/02\/Entrevi-1024x845.jpg 1024w, https:\/\/jornalvaleevangelico.com.br\/wp-content\/uploads\/2025\/02\/Entrevi-768x634.jpg 768w, https:\/\/jornalvaleevangelico.com.br\/wp-content\/uploads\/2025\/02\/Entrevi.jpg 1500w\" sizes=\"(max-width: 300px) 100vw, 300px\" \/><\/a>\n<h4 class=\"pt-cv-title\"><a href=\"https:\/\/jornalvaleevangelico.com.br\/index.php\/2025\/02\/22\/jair-bolsonaro-concede-entrevista-exclusiva-ao-pleno-news-assista\/\" class=\"_self\" target=\"_self\" >Jair Bolsonaro concede entrevista exclusiva ao Pleno.News; assista<\/a><\/h4>\n<div class=\"pt-cv-content\">Foi a primeira entrevista ap\u00f3s as den\u00fancias da PGR Natalia Lopes - 21\/02\/2025 17h00 O ex-presidente Jair Bolsonaro concedeu uma ...<br \/><div class=\"pt-cv-rmwrap\"><a href=\"https:\/\/jornalvaleevangelico.com.br\/index.php\/2025\/02\/22\/jair-bolsonaro-concede-entrevista-exclusiva-ao-pleno-news-assista\/\" class=\"_self pt-cv-readmore btn btn-success\" target=\"_self\">Leia Mais<\/a><\/div><\/div><\/div><\/div>\n<div class=\"col-md-4 col-sm-6 col-xs-12 pt-cv-content-item pt-cv-1-col\" ><div class='pt-cv-ifield'><a href=\"https:\/\/jornalvaleevangelico.com.br\/index.php\/2024\/09\/23\/apos-2-tentativas-de-assassinato-trump-admite-que-tem-pensado-mais-em-deus\/\" class=\"_self pt-cv-href-thumbnail pt-cv-thumb-default\" target=\"_self\" ><img loading=\"lazy\" decoding=\"async\" width=\"300\" height=\"168\" src=\"https:\/\/jornalvaleevangelico.com.br\/wp-content\/uploads\/2024\/09\/download.jpg\" class=\"pt-cv-thumbnail\" alt=\"\" \/><\/a>\n<h4 class=\"pt-cv-title\"><a href=\"https:\/\/jornalvaleevangelico.com.br\/index.php\/2024\/09\/23\/apos-2-tentativas-de-assassinato-trump-admite-que-tem-pensado-mais-em-deus\/\" class=\"_self\" target=\"_self\" >Ap\u00f3s 2 tentativas de assassinato, Trump admite que tem pensado mais em Deus<\/a><\/h4>\n<div class=\"pt-cv-content\">O ex-presidente Donald Trump declarou em uma entrevista que sabe que foi Deus que permitiu que ele escapasse das recentes ...<br \/><div class=\"pt-cv-rmwrap\"><a href=\"https:\/\/jornalvaleevangelico.com.br\/index.php\/2024\/09\/23\/apos-2-tentativas-de-assassinato-trump-admite-que-tem-pensado-mais-em-deus\/\" class=\"_self pt-cv-readmore btn btn-success\" target=\"_self\">Leia Mais<\/a><\/div><\/div><\/div><\/div>\n<div class=\"col-md-4 col-sm-6 col-xs-12 pt-cv-content-item pt-cv-1-col\" ><div class='pt-cv-ifield'><a href=\"https:\/\/jornalvaleevangelico.com.br\/index.php\/2024\/07\/19\/entrevista-impacto-espiritual-e-crescimento-na-74a-assembleia-geral-ordinaria-da-comadvardo\/\" class=\"_self pt-cv-href-thumbnail pt-cv-thumb-default\" target=\"_self\" ><img loading=\"lazy\" decoding=\"async\" width=\"300\" height=\"215\" src=\"https:\/\/jornalvaleevangelico.com.br\/wp-content\/uploads\/2024\/07\/DSC0096-Copy-2-300x215.jpg\" class=\"pt-cv-thumbnail\" alt=\"\" srcset=\"https:\/\/jornalvaleevangelico.com.br\/wp-content\/uploads\/2024\/07\/DSC0096-Copy-2-300x215.jpg 300w, https:\/\/jornalvaleevangelico.com.br\/wp-content\/uploads\/2024\/07\/DSC0096-Copy-2-1024x734.jpg 1024w, https:\/\/jornalvaleevangelico.com.br\/wp-content\/uploads\/2024\/07\/DSC0096-Copy-2-768x550.jpg 768w, https:\/\/jornalvaleevangelico.com.br\/wp-content\/uploads\/2024\/07\/DSC0096-Copy-2.jpg 1523w\" sizes=\"(max-width: 300px) 100vw, 300px\" \/><\/a>\n<h4 class=\"pt-cv-title\"><a href=\"https:\/\/jornalvaleevangelico.com.br\/index.php\/2024\/07\/19\/entrevista-impacto-espiritual-e-crescimento-na-74a-assembleia-geral-ordinaria-da-comadvardo\/\" class=\"_self\" target=\"_self\" >Entrevista: Impacto Espiritual e Crescimento na 74\u00aa Assembleia Geral Ordin\u00e1ria da COMADVARDO<\/a><\/h4>\n<div class=\"pt-cv-content\">Pr. Claudio da Silva Izidorio destaca a surpreendente participa\u00e7\u00e3o e as poderosas ministra\u00e7\u00f5es sob a lideran\u00e7a do Pr. J\u00fanior Calais, ...<br \/><div class=\"pt-cv-rmwrap\"><a href=\"https:\/\/jornalvaleevangelico.com.br\/index.php\/2024\/07\/19\/entrevista-impacto-espiritual-e-crescimento-na-74a-assembleia-geral-ordinaria-da-comadvardo\/\" class=\"_self pt-cv-readmore btn btn-success\" target=\"_self\">Leia Mais<\/a><\/div><\/div><\/div><\/div>\n<div class=\"col-md-4 col-sm-6 col-xs-12 pt-cv-content-item pt-cv-1-col\" ><div class='pt-cv-ifield'><a href=\"https:\/\/jornalvaleevangelico.com.br\/index.php\/2024\/07\/17\/entrevista-com-o-pr-jose-martins-de-calais-junior-presidente-da-comadvardo-sobre-a-74a-ago-avaliacao-e-perspectivas\/\" class=\"_self pt-cv-href-thumbnail pt-cv-thumb-default\" target=\"_self\" ><img loading=\"lazy\" decoding=\"async\" width=\"300\" height=\"201\" src=\"https:\/\/jornalvaleevangelico.com.br\/wp-content\/uploads\/2024\/07\/Capa-Copy-1-300x201.jpg\" class=\"pt-cv-thumbnail\" alt=\"\" srcset=\"https:\/\/jornalvaleevangelico.com.br\/wp-content\/uploads\/2024\/07\/Capa-Copy-1-300x201.jpg 300w, https:\/\/jornalvaleevangelico.com.br\/wp-content\/uploads\/2024\/07\/Capa-Copy-1-1024x685.jpg 1024w, https:\/\/jornalvaleevangelico.com.br\/wp-content\/uploads\/2024\/07\/Capa-Copy-1-768x514.jpg 768w, https:\/\/jornalvaleevangelico.com.br\/wp-content\/uploads\/2024\/07\/Capa-Copy-1.jpg 1519w\" sizes=\"(max-width: 300px) 100vw, 300px\" \/><\/a>\n<h4 class=\"pt-cv-title\"><a href=\"https:\/\/jornalvaleevangelico.com.br\/index.php\/2024\/07\/17\/entrevista-com-o-pr-jose-martins-de-calais-junior-presidente-da-comadvardo-sobre-a-74a-ago-avaliacao-e-perspectivas\/\" class=\"_self\" target=\"_self\" >Entrevista com o Pr. Jos\u00e9 Martins de Calais Junior, Presidente da COMADVARDO, sobre a 74\u00aa AGO: Avalia\u00e7\u00e3o e Perspectivas<\/a><\/h4>\n<div class=\"pt-cv-content\">\"Impacto Espiritual e Crescimento: Avalia\u00e7\u00f5es e Perspectivas da 74\u00aa AGO pela Lideran\u00e7a da COMADVARDO\" Rep\u00f3rter: Pastor, hoje \u00e9 o segundo ...<br \/><div class=\"pt-cv-rmwrap\"><a href=\"https:\/\/jornalvaleevangelico.com.br\/index.php\/2024\/07\/17\/entrevista-com-o-pr-jose-martins-de-calais-junior-presidente-da-comadvardo-sobre-a-74a-ago-avaliacao-e-perspectivas\/\" class=\"_self pt-cv-readmore btn btn-success\" target=\"_self\">Leia Mais<\/a><\/div><\/div><\/div><\/div>\n<div class=\"col-md-4 col-sm-6 col-xs-12 pt-cv-content-item pt-cv-1-col\" ><div class='pt-cv-ifield'><a href=\"https:\/\/jornalvaleevangelico.com.br\/index.php\/2024\/04\/30\/quem-denuncia-sente-as-maos-do-xandao-na-garganta-diz-marco-antonio-costa\/\" class=\"_self pt-cv-href-thumbnail pt-cv-thumb-default\" target=\"_self\" ><img loading=\"lazy\" decoding=\"async\" width=\"300\" height=\"178\" src=\"https:\/\/jornalvaleevangelico.com.br\/wp-content\/uploads\/2024\/04\/Marcos-Antonio-300x178.jpg\" class=\"pt-cv-thumbnail\" alt=\"\" srcset=\"https:\/\/jornalvaleevangelico.com.br\/wp-content\/uploads\/2024\/04\/Marcos-Antonio-300x178.jpg 300w, https:\/\/jornalvaleevangelico.com.br\/wp-content\/uploads\/2024\/04\/Marcos-Antonio-768x455.jpg 768w, https:\/\/jornalvaleevangelico.com.br\/wp-content\/uploads\/2024\/04\/Marcos-Antonio.jpg 1024w\" sizes=\"(max-width: 300px) 100vw, 300px\" \/><\/a>\n<h4 class=\"pt-cv-title\"><a href=\"https:\/\/jornalvaleevangelico.com.br\/index.php\/2024\/04\/30\/quem-denuncia-sente-as-maos-do-xandao-na-garganta-diz-marco-antonio-costa\/\" class=\"_self\" target=\"_self\" >Quem denuncia \u201csente as m\u00e3os do Xand\u00e3o na garganta\u201d, diz Marco Ant\u00f4nio Costa<\/a><\/h4>\n<div class=\"pt-cv-content\">Comentarista pol\u00edtico e apresentador concedeu entrevista imperd\u00edvel ao Pleno.News O Pleno.News entrevistou Marco Ant\u00f4nio Costa, popularmente conhecido como Superman, apelido ...<br \/><div class=\"pt-cv-rmwrap\"><a href=\"https:\/\/jornalvaleevangelico.com.br\/index.php\/2024\/04\/30\/quem-denuncia-sente-as-maos-do-xandao-na-garganta-diz-marco-antonio-costa\/\" class=\"_self pt-cv-readmore btn btn-success\" target=\"_self\">Leia Mais<\/a><\/div><\/div><\/div><\/div>\n<div class=\"col-md-4 col-sm-6 col-xs-12 pt-cv-content-item pt-cv-1-col\" ><div class='pt-cv-ifield'><a href=\"https:\/\/jornalvaleevangelico.com.br\/index.php\/2024\/03\/27\/pastor-ozimar-ales-anastacio-uma-trajetoria-de-fe-e-servico\/\" class=\"_self pt-cv-href-thumbnail pt-cv-thumb-default\" target=\"_self\" ><img loading=\"lazy\" decoding=\"async\" width=\"300\" height=\"275\" src=\"https:\/\/jornalvaleevangelico.com.br\/wp-content\/uploads\/2024\/03\/1o-Tisoreiro-Pr.-Ozimar-Anastacio-Ales-CopyA-300x275.jpg\" class=\"pt-cv-thumbnail\" alt=\"\" srcset=\"https:\/\/jornalvaleevangelico.com.br\/wp-content\/uploads\/2024\/03\/1o-Tisoreiro-Pr.-Ozimar-Anastacio-Ales-CopyA-300x275.jpg 300w, https:\/\/jornalvaleevangelico.com.br\/wp-content\/uploads\/2024\/03\/1o-Tisoreiro-Pr.-Ozimar-Anastacio-Ales-CopyA.jpg 627w\" sizes=\"(max-width: 300px) 100vw, 300px\" \/><\/a>\n<h4 class=\"pt-cv-title\"><a href=\"https:\/\/jornalvaleevangelico.com.br\/index.php\/2024\/03\/27\/pastor-ozimar-ales-anastacio-uma-trajetoria-de-fe-e-servico\/\" class=\"_self\" target=\"_self\" >PASTOR OZIMAR ALES ANAST\u00c1CIO: UMA TRAJET\u00d3RIA DE F\u00c9 E SERVI\u00c7O<\/a><\/h4>\n<div class=\"pt-cv-content\">Conhe\u00e7a a Trajet\u00f3ria Ministerial e as Perspectivas de um L\u00edder Religioso e Contador no Minist\u00e9rio Coronel Fabriciano Ipatinga O Pastor ...<br \/><div class=\"pt-cv-rmwrap\"><a href=\"https:\/\/jornalvaleevangelico.com.br\/index.php\/2024\/03\/27\/pastor-ozimar-ales-anastacio-uma-trajetoria-de-fe-e-servico\/\" class=\"_self pt-cv-readmore btn btn-success\" target=\"_self\">Leia Mais<\/a><\/div><\/div><\/div><\/div>\n<div class=\"col-md-4 col-sm-6 col-xs-12 pt-cv-content-item pt-cv-1-col\" ><div class='pt-cv-ifield'><a href=\"https:\/\/jornalvaleevangelico.com.br\/index.php\/2024\/03\/25\/lideranca-e-fe-entrevista-com-o-pastor-jose-martins-de-calais-junior\/\" class=\"_self pt-cv-href-thumbnail pt-cv-thumb-default\" target=\"_self\" ><img loading=\"lazy\" decoding=\"async\" width=\"300\" height=\"210\" src=\"https:\/\/jornalvaleevangelico.com.br\/wp-content\/uploads\/2024\/03\/Pr.-Jose-Martins-de-Calais-Junior-Presidente-do-Ministerio-coronel-fabriciano-Ipatinga-e-da-COMADVARDO-Copy-300x210.jpg\" class=\"pt-cv-thumbnail\" alt=\"\" srcset=\"https:\/\/jornalvaleevangelico.com.br\/wp-content\/uploads\/2024\/03\/Pr.-Jose-Martins-de-Calais-Junior-Presidente-do-Ministerio-coronel-fabriciano-Ipatinga-e-da-COMADVARDO-Copy-300x210.jpg 300w, https:\/\/jornalvaleevangelico.com.br\/wp-content\/uploads\/2024\/03\/Pr.-Jose-Martins-de-Calais-Junior-Presidente-do-Ministerio-coronel-fabriciano-Ipatinga-e-da-COMADVARDO-Copy.jpg 509w\" sizes=\"(max-width: 300px) 100vw, 300px\" \/><\/a>\n<h4 class=\"pt-cv-title\"><a href=\"https:\/\/jornalvaleevangelico.com.br\/index.php\/2024\/03\/25\/lideranca-e-fe-entrevista-com-o-pastor-jose-martins-de-calais-junior\/\" class=\"_self\" target=\"_self\" >Lideran\u00e7a e F\u00e9: Entrevista com o Pastor Jos\u00e9 Martins de Calais J\u00fanior<\/a><\/h4>\n<div class=\"pt-cv-content\">Explorando os desafios e triunfos de oito anos \u00e0 frente do Minist\u00e9rio Coronel Fabriciano Ipatinga e da COMADVARDO, o Pastor ...<br \/><div class=\"pt-cv-rmwrap\"><a href=\"https:\/\/jornalvaleevangelico.com.br\/index.php\/2024\/03\/25\/lideranca-e-fe-entrevista-com-o-pastor-jose-martins-de-calais-junior\/\" class=\"_self pt-cv-readmore btn btn-success\" target=\"_self\">Leia Mais<\/a><\/div><\/div><\/div><\/div><\/div><\/div><\/div>\n<div class=\"jorna-rodape jorna-entity-placement\" id=\"jorna-493438637\"><div id=\"jorna-4039096767\"><a href=\"https:\/\/gkscontabilidade.com\/\" aria-label=\"GKS Contabilidade\"><img src=\"https:\/\/jornalvaleevangelico.com.br\/wp-content\/uploads\/2023\/05\/GKS-Contabilidade.jpeg\" alt=\"\"  srcset=\"https:\/\/jornalvaleevangelico.com.br\/wp-content\/uploads\/2023\/05\/GKS-Contabilidade.jpeg 1600w, https:\/\/jornalvaleevangelico.com.br\/wp-content\/uploads\/2023\/05\/GKS-Contabilidade-300x65.jpeg 300w, https:\/\/jornalvaleevangelico.com.br\/wp-content\/uploads\/2023\/05\/GKS-Contabilidade-1024x223.jpeg 1024w, https:\/\/jornalvaleevangelico.com.br\/wp-content\/uploads\/2023\/05\/GKS-Contabilidade-768x168.jpeg 768w, https:\/\/jornalvaleevangelico.com.br\/wp-content\/uploads\/2023\/05\/GKS-Contabilidade-1536x335.jpeg 1536w\" sizes=\"(max-width: 1600px) 100vw, 1600px\" width=\"1600\" height=\"349\"   \/><\/a><\/div><\/div>","protected":false},"excerpt":{"rendered":"","protected":false},"author":1,"featured_media":0,"parent":0,"menu_order":0,"comment_status":"closed","ping_status":"closed","template":"","meta":{"_mi_skip_tracking":false,"_monsterinsights_sitenote_active":false,"_monsterinsights_sitenote_note":"","_monsterinsights_sitenote_category":0,"footnotes":""},"class_list":["post-68","page","type-page","status-publish","hentry"],"_links":{"self":[{"href":"https:\/\/jornalvaleevangelico.com.br\/index.php\/wp-json\/wp\/v2\/pages\/68","targetHints":{"allow":["GET"]}}],"collection":[{"href":"https:\/\/jornalvaleevangelico.com.br\/index.php\/wp-json\/wp\/v2\/pages"}],"about":[{"href":"https:\/\/jornalvaleevangelico.com.br\/index.php\/wp-json\/wp\/v2\/types\/page"}],"author":[{"embeddable":true,"href":"https:\/\/jornalvaleevangelico.com.br\/index.php\/wp-json\/wp\/v2\/users\/1"}],"replies":[{"embeddable":true,"href":"https:\/\/jornalvaleevangelico.com.br\/index.php\/wp-json\/wp\/v2\/comments?post=68"}],"version-history":[{"count":1,"href":"https:\/\/jornalvaleevangelico.com.br\/index.php\/wp-json\/wp\/v2\/pages\/68\/revisions"}],"predecessor-version":[{"id":69,"href":"https:\/\/jornalvaleevangelico.com.br\/index.php\/wp-json\/wp\/v2\/pages\/68\/revisions\/69"}],"wp:attachment":[{"href":"https:\/\/jornalvaleevangelico.com.br\/index.php\/wp-json\/wp\/v2\/media?parent=68"}],"curies":[{"name":"wp","href":"https:\/\/api.w.org\/{rel}","templated":true}]}}