{"id":76,"date":"2020-03-25T13:50:19","date_gmt":"2020-03-25T16:50:19","guid":{"rendered":"http:\/\/jornalvaleevangelico.com.br\/?page_id=76"},"modified":"2020-03-25T13:50:19","modified_gmt":"2020-03-25T16:50:19","slug":"missoes","status":"publish","type":"page","link":"https:\/\/jornalvaleevangelico.com.br\/index.php\/missoes\/","title":{"rendered":"Miss\u00f5es"},"content":{"rendered":"<div class=\"pt-cv-wrapper\"><div class=\"pt-cv-view pt-cv-grid pt-cv-colsys\" id=\"pt-cv-view-1633b3538f\"><div data-id=\"pt-cv-page-1\" class=\"pt-cv-page\" data-cvc=\"3\"><div class=\"col-md-4 col-sm-6 col-xs-12 pt-cv-content-item pt-cv-1-col\" ><div class='pt-cv-ifield'><a href=\"https:\/\/jornalvaleevangelico.com.br\/index.php\/2026\/04\/13\/batismo-no-templo-subsede-de-ipatinga-reune-81-novos-membros-em-celebracao-de-fe\/\" class=\"_self pt-cv-href-thumbnail pt-cv-thumb-default\" target=\"_self\" ><img fetchpriority=\"high\" decoding=\"async\" width=\"300\" height=\"179\" src=\"https:\/\/jornalvaleevangelico.com.br\/wp-content\/uploads\/2026\/04\/DSC_0028-Copy-300x179.jpg\" class=\"pt-cv-thumbnail\" alt=\"\" srcset=\"https:\/\/jornalvaleevangelico.com.br\/wp-content\/uploads\/2026\/04\/DSC_0028-Copy-300x179.jpg 300w, https:\/\/jornalvaleevangelico.com.br\/wp-content\/uploads\/2026\/04\/DSC_0028-Copy-1024x611.jpg 1024w, https:\/\/jornalvaleevangelico.com.br\/wp-content\/uploads\/2026\/04\/DSC_0028-Copy-768x459.jpg 768w, https:\/\/jornalvaleevangelico.com.br\/wp-content\/uploads\/2026\/04\/DSC_0028-Copy-1536x917.jpg 1536w, https:\/\/jornalvaleevangelico.com.br\/wp-content\/uploads\/2026\/04\/DSC_0028-Copy-2048x1223.jpg 2048w\" sizes=\"(max-width: 300px) 100vw, 300px\" \/><\/a>\n<h4 class=\"pt-cv-title\"><a href=\"https:\/\/jornalvaleevangelico.com.br\/index.php\/2026\/04\/13\/batismo-no-templo-subsede-de-ipatinga-reune-81-novos-membros-em-celebracao-de-fe\/\" class=\"_self\" target=\"_self\" >Batismo no Templo Subsede de Ipatinga re\u00fane 81 novos membros em celebra\u00e7\u00e3o de f\u00e9<\/a><\/h4>\n<div class=\"pt-cv-content\">Cerim\u00f4nia da Assembleia de Deus destaca transforma\u00e7\u00e3o de vidas e compromisso com o evangelho Na tarde deste domingo (12), a ...<br \/><div class=\"pt-cv-rmwrap\"><a href=\"https:\/\/jornalvaleevangelico.com.br\/index.php\/2026\/04\/13\/batismo-no-templo-subsede-de-ipatinga-reune-81-novos-membros-em-celebracao-de-fe\/\" class=\"_self pt-cv-readmore btn btn-success\" target=\"_self\">Leia Mais<\/a><\/div><\/div><\/div><\/div>\n<div class=\"col-md-4 col-sm-6 col-xs-12 pt-cv-content-item pt-cv-1-col\" ><div class='pt-cv-ifield'><a href=\"https:\/\/jornalvaleevangelico.com.br\/index.php\/2026\/04\/02\/ataques-na-pascoa-por-que-a-data-e-tao-letal-para-cristaos-perseguidos\/\" class=\"_self pt-cv-href-thumbnail pt-cv-thumb-default\" target=\"_self\" ><img decoding=\"async\" width=\"300\" height=\"142\" src=\"https:\/\/jornalvaleevangelico.com.br\/wp-content\/uploads\/2026\/04\/Missao-1-300x142.jpg\" class=\"pt-cv-thumbnail\" alt=\"\" srcset=\"https:\/\/jornalvaleevangelico.com.br\/wp-content\/uploads\/2026\/04\/Missao-1-300x142.jpg 300w, https:\/\/jornalvaleevangelico.com.br\/wp-content\/uploads\/2026\/04\/Missao-1-768x363.jpg 768w, https:\/\/jornalvaleevangelico.com.br\/wp-content\/uploads\/2026\/04\/Missao-1.jpg 945w\" sizes=\"(max-width: 300px) 100vw, 300px\" \/><\/a>\n<h4 class=\"pt-cv-title\"><a href=\"https:\/\/jornalvaleevangelico.com.br\/index.php\/2026\/04\/02\/ataques-na-pascoa-por-que-a-data-e-tao-letal-para-cristaos-perseguidos\/\" class=\"_self\" target=\"_self\" >Ataques na P\u00e1scoa: por que a data \u00e9 t\u00e3o letal para crist\u00e3os perseguidos?<\/a><\/h4>\n<div class=\"pt-cv-content\">Entenda por que celebrar a morte e a ressurrei\u00e7\u00e3o de Cristo pode ser perigoso para os crist\u00e3os perseguidos A P\u00e1scoa ...<br \/><div class=\"pt-cv-rmwrap\"><a href=\"https:\/\/jornalvaleevangelico.com.br\/index.php\/2026\/04\/02\/ataques-na-pascoa-por-que-a-data-e-tao-letal-para-cristaos-perseguidos\/\" class=\"_self pt-cv-readmore btn btn-success\" target=\"_self\">Leia Mais<\/a><\/div><\/div><\/div><\/div>\n<div class=\"col-md-4 col-sm-6 col-xs-12 pt-cv-content-item pt-cv-1-col\" ><div class='pt-cv-ifield'><a href=\"https:\/\/jornalvaleevangelico.com.br\/index.php\/2026\/03\/10\/indianos-aprendem-a-ler-e-a-escrever-por-meio-da-biblia\/\" class=\"_self pt-cv-href-thumbnail pt-cv-thumb-default\" target=\"_self\" ><img decoding=\"async\" width=\"300\" height=\"196\" src=\"https:\/\/jornalvaleevangelico.com.br\/wp-content\/uploads\/2026\/03\/indianos-300x196.jpg\" class=\"pt-cv-thumbnail\" alt=\"\" srcset=\"https:\/\/jornalvaleevangelico.com.br\/wp-content\/uploads\/2026\/03\/indianos-300x196.jpg 300w, https:\/\/jornalvaleevangelico.com.br\/wp-content\/uploads\/2026\/03\/indianos-768x502.jpg 768w, https:\/\/jornalvaleevangelico.com.br\/wp-content\/uploads\/2026\/03\/indianos.jpg 788w\" sizes=\"(max-width: 300px) 100vw, 300px\" \/><\/a>\n<h4 class=\"pt-cv-title\"><a href=\"https:\/\/jornalvaleevangelico.com.br\/index.php\/2026\/03\/10\/indianos-aprendem-a-ler-e-a-escrever-por-meio-da-biblia\/\" class=\"_self\" target=\"_self\" >Indianos aprendem a ler e a escrever por meio da B\u00edblia<\/a><\/h4>\n<div class=\"pt-cv-content\">Miss\u00e3o usa a Palavra de Deus para alfabetizar e cerca de 40% se tornam crist\u00e3os Cerca de 287 milh\u00f5es de ...<br \/><div class=\"pt-cv-rmwrap\"><a href=\"https:\/\/jornalvaleevangelico.com.br\/index.php\/2026\/03\/10\/indianos-aprendem-a-ler-e-a-escrever-por-meio-da-biblia\/\" class=\"_self pt-cv-readmore btn btn-success\" target=\"_self\">Leia Mais<\/a><\/div><\/div><\/div><\/div>\n<div class=\"col-md-4 col-sm-6 col-xs-12 pt-cv-content-item pt-cv-1-col\" ><div class='pt-cv-ifield'><a href=\"https:\/\/jornalvaleevangelico.com.br\/index.php\/2026\/02\/04\/pastor-da-maior-igreja-da-indonesia-fala-sobre-atuar-no-pais-islamico-e-preciso-ousadia\/\" class=\"_self pt-cv-href-thumbnail pt-cv-thumb-default\" target=\"_self\" ><img loading=\"lazy\" decoding=\"async\" width=\"300\" height=\"179\" src=\"https:\/\/jornalvaleevangelico.com.br\/wp-content\/uploads\/2026\/02\/Untitled-1-300x179.jpg\" class=\"pt-cv-thumbnail\" alt=\"\" srcset=\"https:\/\/jornalvaleevangelico.com.br\/wp-content\/uploads\/2026\/02\/Untitled-1-300x179.jpg 300w, https:\/\/jornalvaleevangelico.com.br\/wp-content\/uploads\/2026\/02\/Untitled-1-768x457.jpg 768w, https:\/\/jornalvaleevangelico.com.br\/wp-content\/uploads\/2026\/02\/Untitled-1.jpg 840w\" sizes=\"(max-width: 300px) 100vw, 300px\" \/><\/a>\n<h4 class=\"pt-cv-title\"><a href=\"https:\/\/jornalvaleevangelico.com.br\/index.php\/2026\/02\/04\/pastor-da-maior-igreja-da-indonesia-fala-sobre-atuar-no-pais-islamico-e-preciso-ousadia\/\" class=\"_self\" target=\"_self\" >Pastor da maior igreja da Indon\u00e9sia fala sobre atuar no pa\u00eds isl\u00e2mico: \u201c\u00c9 preciso ousadia\u201d<\/a><\/h4>\n<div class=\"pt-cv-content\">Durante o The Send Brasil, o pastor indon\u00e9sio Philip Mantofa destacou que obedecer a Deus exige coragem, mesmo diante do ...<br \/><div class=\"pt-cv-rmwrap\"><a href=\"https:\/\/jornalvaleevangelico.com.br\/index.php\/2026\/02\/04\/pastor-da-maior-igreja-da-indonesia-fala-sobre-atuar-no-pais-islamico-e-preciso-ousadia\/\" class=\"_self pt-cv-readmore btn btn-success\" target=\"_self\">Leia Mais<\/a><\/div><\/div><\/div><\/div>\n<div class=\"col-md-4 col-sm-6 col-xs-12 pt-cv-content-item pt-cv-1-col\" ><div class='pt-cv-ifield'><a href=\"https:\/\/jornalvaleevangelico.com.br\/index.php\/2026\/01\/20\/unemad-lanca-projeto-nacional-de-24-horas-ininterruptas-de-oracao\/\" class=\"_self pt-cv-href-thumbnail pt-cv-thumb-default\" target=\"_self\" ><img loading=\"lazy\" decoding=\"async\" width=\"300\" height=\"196\" src=\"https:\/\/jornalvaleevangelico.com.br\/wp-content\/uploads\/2026\/01\/campanha-de-oracao-1-300x196.jpg\" class=\"pt-cv-thumbnail\" alt=\"\" srcset=\"https:\/\/jornalvaleevangelico.com.br\/wp-content\/uploads\/2026\/01\/campanha-de-oracao-1-300x196.jpg 300w, https:\/\/jornalvaleevangelico.com.br\/wp-content\/uploads\/2026\/01\/campanha-de-oracao-1-768x502.jpg 768w, https:\/\/jornalvaleevangelico.com.br\/wp-content\/uploads\/2026\/01\/campanha-de-oracao-1.jpg 788w\" sizes=\"(max-width: 300px) 100vw, 300px\" \/><\/a>\n<h4 class=\"pt-cv-title\"><a href=\"https:\/\/jornalvaleevangelico.com.br\/index.php\/2026\/01\/20\/unemad-lanca-projeto-nacional-de-24-horas-ininterruptas-de-oracao\/\" class=\"_self\" target=\"_self\" >UNEMAD lan\u00e7a Projeto Nacional de 24 Horas Ininterruptas de Ora\u00e7\u00e3o<\/a><\/h4>\n<div class=\"pt-cv-content\">A campanha ter\u00e1 in\u00edcio no dia 20 de janeiro e ter\u00e1 dura\u00e7\u00e3o de, no m\u00ednimo, 1 ano A Uni\u00e3o Nacional ...<br \/><div class=\"pt-cv-rmwrap\"><a href=\"https:\/\/jornalvaleevangelico.com.br\/index.php\/2026\/01\/20\/unemad-lanca-projeto-nacional-de-24-horas-ininterruptas-de-oracao\/\" class=\"_self pt-cv-readmore btn btn-success\" target=\"_self\">Leia Mais<\/a><\/div><\/div><\/div><\/div>\n<div class=\"col-md-4 col-sm-6 col-xs-12 pt-cv-content-item pt-cv-1-col\" ><div class='pt-cv-ifield'><a href=\"https:\/\/jornalvaleevangelico.com.br\/index.php\/2026\/01\/20\/culto-ao-amanhecer-reune-cerca-de-5-mil-pessoas-em-praia-de-sc-vivemos-um-mover-de-deus\/\" class=\"_self pt-cv-href-thumbnail pt-cv-thumb-default\" target=\"_self\" ><img loading=\"lazy\" decoding=\"async\" width=\"300\" height=\"179\" src=\"https:\/\/jornalvaleevangelico.com.br\/wp-content\/uploads\/2026\/01\/tes-300x179.jpg\" class=\"pt-cv-thumbnail\" alt=\"\" srcset=\"https:\/\/jornalvaleevangelico.com.br\/wp-content\/uploads\/2026\/01\/tes-300x179.jpg 300w, https:\/\/jornalvaleevangelico.com.br\/wp-content\/uploads\/2026\/01\/tes-768x457.jpg 768w, https:\/\/jornalvaleevangelico.com.br\/wp-content\/uploads\/2026\/01\/tes.jpg 840w\" sizes=\"(max-width: 300px) 100vw, 300px\" \/><\/a>\n<h4 class=\"pt-cv-title\"><a href=\"https:\/\/jornalvaleevangelico.com.br\/index.php\/2026\/01\/20\/culto-ao-amanhecer-reune-cerca-de-5-mil-pessoas-em-praia-de-sc-vivemos-um-mover-de-deus\/\" class=\"_self\" target=\"_self\" >Culto ao amanhecer re\u00fane cerca de 5 mil pessoas em praia de SC: \u201cVivemos um mover de Deus\u201d<\/a><\/h4>\n<div class=\"pt-cv-content\">A 5\u00aa edi\u00e7\u00e3o do \u201cDesperta\u201d, promovida pela Surf House Comunidade Crist\u00e3, reuniu milhares de crist\u00e3os para momentos de ora\u00e7\u00e3o, louvor ...<br \/><div class=\"pt-cv-rmwrap\"><a href=\"https:\/\/jornalvaleevangelico.com.br\/index.php\/2026\/01\/20\/culto-ao-amanhecer-reune-cerca-de-5-mil-pessoas-em-praia-de-sc-vivemos-um-mover-de-deus\/\" class=\"_self pt-cv-readmore btn btn-success\" target=\"_self\">Leia Mais<\/a><\/div><\/div><\/div><\/div>\n<div class=\"col-md-4 col-sm-6 col-xs-12 pt-cv-content-item pt-cv-1-col\" ><div class='pt-cv-ifield'><a href=\"https:\/\/jornalvaleevangelico.com.br\/index.php\/2026\/01\/16\/mais-igrejas-foram-fechadas-do-que-abertas-nos-eua-em-2024-aponta-pesquisa\/\" class=\"_self pt-cv-href-thumbnail pt-cv-thumb-default\" target=\"_self\" ><img loading=\"lazy\" decoding=\"async\" width=\"300\" height=\"179\" src=\"https:\/\/jornalvaleevangelico.com.br\/wp-content\/uploads\/2026\/01\/Igreja-1-300x179.jpg\" class=\"pt-cv-thumbnail\" alt=\"\" srcset=\"https:\/\/jornalvaleevangelico.com.br\/wp-content\/uploads\/2026\/01\/Igreja-1-300x179.jpg 300w, https:\/\/jornalvaleevangelico.com.br\/wp-content\/uploads\/2026\/01\/Igreja-1-768x457.jpg 768w, https:\/\/jornalvaleevangelico.com.br\/wp-content\/uploads\/2026\/01\/Igreja-1.jpg 840w\" sizes=\"(max-width: 300px) 100vw, 300px\" \/><\/a>\n<h4 class=\"pt-cv-title\"><a href=\"https:\/\/jornalvaleevangelico.com.br\/index.php\/2026\/01\/16\/mais-igrejas-foram-fechadas-do-que-abertas-nos-eua-em-2024-aponta-pesquisa\/\" class=\"_self\" target=\"_self\" >Mais igrejas foram fechadas do que abertas nos EUA em 2024, aponta pesquisa<\/a><\/h4>\n<div class=\"pt-cv-content\">Segundo o estudo da Lifeway Research, 4.000 igrejas foram fechadas, enquanto 3.800 novas igrejas foram abertas, em 2024. Uma nova ...<br \/><div class=\"pt-cv-rmwrap\"><a href=\"https:\/\/jornalvaleevangelico.com.br\/index.php\/2026\/01\/16\/mais-igrejas-foram-fechadas-do-que-abertas-nos-eua-em-2024-aponta-pesquisa\/\" class=\"_self pt-cv-readmore btn btn-success\" target=\"_self\">Leia Mais<\/a><\/div><\/div><\/div><\/div>\n<div class=\"col-md-4 col-sm-6 col-xs-12 pt-cv-content-item pt-cv-1-col\" ><div class='pt-cv-ifield'><a href=\"https:\/\/jornalvaleevangelico.com.br\/index.php\/2025\/12\/30\/missao-revela-os-desafios-de-evangelizar-a-mongolia-menos-de-1-sao-cristaos\/\" class=\"_self pt-cv-href-thumbnail pt-cv-thumb-default\" target=\"_self\" ><img loading=\"lazy\" decoding=\"async\" width=\"300\" height=\"179\" src=\"https:\/\/jornalvaleevangelico.com.br\/wp-content\/uploads\/2025\/12\/Missao-300x179.jpg\" class=\"pt-cv-thumbnail\" alt=\"\" srcset=\"https:\/\/jornalvaleevangelico.com.br\/wp-content\/uploads\/2025\/12\/Missao-300x179.jpg 300w, https:\/\/jornalvaleevangelico.com.br\/wp-content\/uploads\/2025\/12\/Missao-768x457.jpg 768w, https:\/\/jornalvaleevangelico.com.br\/wp-content\/uploads\/2025\/12\/Missao.jpg 840w\" sizes=\"(max-width: 300px) 100vw, 300px\" \/><\/a>\n<h4 class=\"pt-cv-title\"><a href=\"https:\/\/jornalvaleevangelico.com.br\/index.php\/2025\/12\/30\/missao-revela-os-desafios-de-evangelizar-a-mongolia-menos-de-1-sao-cristaos\/\" class=\"_self\" target=\"_self\" >Miss\u00e3o revela os desafios de evangelizar a Mong\u00f3lia: &#8220;Menos de 1% s\u00e3o crist\u00e3os&#8221;<\/a><\/h4>\n<div class=\"pt-cv-content\">Para pregar aos mong\u00f3is, os mission\u00e1rios enfrentam o frio rigoroso, a resist\u00eancia cultural ao Evangelho e a din\u00e2mica n\u00f4made de ...<br \/><div class=\"pt-cv-rmwrap\"><a href=\"https:\/\/jornalvaleevangelico.com.br\/index.php\/2025\/12\/30\/missao-revela-os-desafios-de-evangelizar-a-mongolia-menos-de-1-sao-cristaos\/\" class=\"_self pt-cv-readmore btn btn-success\" target=\"_self\">Leia Mais<\/a><\/div><\/div><\/div><\/div>\n<div class=\"col-md-4 col-sm-6 col-xs-12 pt-cv-content-item pt-cv-1-col\" ><div class='pt-cv-ifield'><a href=\"https:\/\/jornalvaleevangelico.com.br\/index.php\/2025\/12\/30\/radio-clandestina-propaga-o-evangelho-na-coreia-do-norte\/\" class=\"_self pt-cv-href-thumbnail pt-cv-thumb-default\" target=\"_self\" ><img loading=\"lazy\" decoding=\"async\" width=\"300\" height=\"196\" src=\"https:\/\/jornalvaleevangelico.com.br\/wp-content\/uploads\/2025\/12\/radio-300x196.jpg\" class=\"pt-cv-thumbnail\" alt=\"\" srcset=\"https:\/\/jornalvaleevangelico.com.br\/wp-content\/uploads\/2025\/12\/radio-300x196.jpg 300w, https:\/\/jornalvaleevangelico.com.br\/wp-content\/uploads\/2025\/12\/radio-768x502.jpg 768w, https:\/\/jornalvaleevangelico.com.br\/wp-content\/uploads\/2025\/12\/radio.jpg 788w\" sizes=\"(max-width: 300px) 100vw, 300px\" \/><\/a>\n<h4 class=\"pt-cv-title\"><a href=\"https:\/\/jornalvaleevangelico.com.br\/index.php\/2025\/12\/30\/radio-clandestina-propaga-o-evangelho-na-coreia-do-norte\/\" class=\"_self\" target=\"_self\" >R\u00e1dio clandestina propaga o Evangelho na Coreia do Norte<\/a><\/h4>\n<div class=\"pt-cv-content\">Programa\u00e7\u00f5es s\u00e3o transmitidas por organiza\u00e7\u00f5es de pa\u00edses vizinhos Considerada a na\u00e7\u00e3o mais fechada para o cristianismo, a Coreia do Norte ...<br \/><div class=\"pt-cv-rmwrap\"><a href=\"https:\/\/jornalvaleevangelico.com.br\/index.php\/2025\/12\/30\/radio-clandestina-propaga-o-evangelho-na-coreia-do-norte\/\" class=\"_self pt-cv-readmore btn btn-success\" target=\"_self\">Leia Mais<\/a><\/div><\/div><\/div><\/div>\n<div class=\"col-md-4 col-sm-6 col-xs-12 pt-cv-content-item pt-cv-1-col\" ><div class='pt-cv-ifield'><a href=\"https:\/\/jornalvaleevangelico.com.br\/index.php\/2025\/12\/18\/apos-receberem-biblias-18-presos-sao-batizados-em-franco-da-rocha\/\" class=\"_self pt-cv-href-thumbnail pt-cv-thumb-default\" target=\"_self\" ><img loading=\"lazy\" decoding=\"async\" width=\"300\" height=\"179\" src=\"https:\/\/jornalvaleevangelico.com.br\/wp-content\/uploads\/2025\/12\/Bat-300x179.jpg\" class=\"pt-cv-thumbnail\" alt=\"\" srcset=\"https:\/\/jornalvaleevangelico.com.br\/wp-content\/uploads\/2025\/12\/Bat-300x179.jpg 300w, https:\/\/jornalvaleevangelico.com.br\/wp-content\/uploads\/2025\/12\/Bat-768x457.jpg 768w, https:\/\/jornalvaleevangelico.com.br\/wp-content\/uploads\/2025\/12\/Bat.jpg 840w\" sizes=\"(max-width: 300px) 100vw, 300px\" \/><\/a>\n<h4 class=\"pt-cv-title\"><a href=\"https:\/\/jornalvaleevangelico.com.br\/index.php\/2025\/12\/18\/apos-receberem-biblias-18-presos-sao-batizados-em-franco-da-rocha\/\" class=\"_self\" target=\"_self\" >Ap\u00f3s receberem B\u00edblias, 18 presos s\u00e3o batizados em Franco da Rocha<\/a><\/h4>\n<div class=\"pt-cv-content\">A a\u00e7\u00e3o evangel\u00edstica foi realizada no Hospital de Cust\u00f3dia e Tratamento Psiqui\u00e1trico, em Franco da Rocha (SP). O minist\u00e9rio prisional ...<br \/><div class=\"pt-cv-rmwrap\"><a href=\"https:\/\/jornalvaleevangelico.com.br\/index.php\/2025\/12\/18\/apos-receberem-biblias-18-presos-sao-batizados-em-franco-da-rocha\/\" class=\"_self pt-cv-readmore btn btn-success\" target=\"_self\">Leia Mais<\/a><\/div><\/div><\/div><\/div><\/div><\/div><\/div>\n<div class=\"jorna-rodape jorna-entity-placement\" id=\"jorna-1429001316\"><div id=\"jorna-3042417407\"><a href=\"https:\/\/gkscontabilidade.com\/\" aria-label=\"GKS Contabilidade\"><img src=\"https:\/\/jornalvaleevangelico.com.br\/wp-content\/uploads\/2023\/05\/GKS-Contabilidade.jpeg\" alt=\"\"  srcset=\"https:\/\/jornalvaleevangelico.com.br\/wp-content\/uploads\/2023\/05\/GKS-Contabilidade.jpeg 1600w, https:\/\/jornalvaleevangelico.com.br\/wp-content\/uploads\/2023\/05\/GKS-Contabilidade-300x65.jpeg 300w, https:\/\/jornalvaleevangelico.com.br\/wp-content\/uploads\/2023\/05\/GKS-Contabilidade-1024x223.jpeg 1024w, https:\/\/jornalvaleevangelico.com.br\/wp-content\/uploads\/2023\/05\/GKS-Contabilidade-768x168.jpeg 768w, https:\/\/jornalvaleevangelico.com.br\/wp-content\/uploads\/2023\/05\/GKS-Contabilidade-1536x335.jpeg 1536w\" sizes=\"(max-width: 1600px) 100vw, 1600px\" width=\"1600\" height=\"349\"   \/><\/a><\/div><\/div>","protected":false},"excerpt":{"rendered":"","protected":false},"author":1,"featured_media":0,"parent":0,"menu_order":0,"comment_status":"closed","ping_status":"closed","template":"","meta":{"_mi_skip_tracking":false,"_monsterinsights_sitenote_active":false,"_monsterinsights_sitenote_note":"","_monsterinsights_sitenote_category":0,"footnotes":""},"class_list":["post-76","page","type-page","status-publish","hentry"],"_links":{"self":[{"href":"https:\/\/jornalvaleevangelico.com.br\/index.php\/wp-json\/wp\/v2\/pages\/76","targetHints":{"allow":["GET"]}}],"collection":[{"href":"https:\/\/jornalvaleevangelico.com.br\/index.php\/wp-json\/wp\/v2\/pages"}],"about":[{"href":"https:\/\/jornalvaleevangelico.com.br\/index.php\/wp-json\/wp\/v2\/types\/page"}],"author":[{"embeddable":true,"href":"https:\/\/jornalvaleevangelico.com.br\/index.php\/wp-json\/wp\/v2\/users\/1"}],"replies":[{"embeddable":true,"href":"https:\/\/jornalvaleevangelico.com.br\/index.php\/wp-json\/wp\/v2\/comments?post=76"}],"version-history":[{"count":1,"href":"https:\/\/jornalvaleevangelico.com.br\/index.php\/wp-json\/wp\/v2\/pages\/76\/revisions"}],"predecessor-version":[{"id":77,"href":"https:\/\/jornalvaleevangelico.com.br\/index.php\/wp-json\/wp\/v2\/pages\/76\/revisions\/77"}],"wp:attachment":[{"href":"https:\/\/jornalvaleevangelico.com.br\/index.php\/wp-json\/wp\/v2\/media?parent=76"}],"curies":[{"name":"wp","href":"https:\/\/api.w.org\/{rel}","templated":true}]}}