{"id":80,"date":"2020-03-25T13:51:03","date_gmt":"2020-03-25T16:51:03","guid":{"rendered":"http:\/\/jornalvaleevangelico.com.br\/?page_id=80"},"modified":"2020-03-25T13:51:04","modified_gmt":"2020-03-25T16:51:04","slug":"saude","status":"publish","type":"page","link":"https:\/\/jornalvaleevangelico.com.br\/index.php\/saude\/","title":{"rendered":"Sa\u00fade"},"content":{"rendered":"<div class=\"pt-cv-wrapper\"><div class=\"pt-cv-view pt-cv-grid pt-cv-colsys\" id=\"pt-cv-view-ae640d2uxy\"><div data-id=\"pt-cv-page-1\" class=\"pt-cv-page\" data-cvc=\"2\"><div class=\"col-md-6 col-sm-6 col-xs-12 pt-cv-content-item pt-cv-1-col\" ><div class='pt-cv-ifield'><a href=\"https:\/\/jornalvaleevangelico.com.br\/index.php\/2026\/04\/02\/governo-federal-divulga-reajuste-de-ate-381-no-preco-dos-remedios\/\" class=\"_self pt-cv-href-thumbnail pt-cv-thumb-default\" target=\"_self\" ><img fetchpriority=\"high\" decoding=\"async\" width=\"300\" height=\"200\" src=\"https:\/\/jornalvaleevangelico.com.br\/wp-content\/uploads\/2026\/04\/olga_art-medicine-5065702_1920-1-1-300x200.jpg\" class=\"pt-cv-thumbnail\" alt=\"\" srcset=\"https:\/\/jornalvaleevangelico.com.br\/wp-content\/uploads\/2026\/04\/olga_art-medicine-5065702_1920-1-1-300x200.jpg 300w, https:\/\/jornalvaleevangelico.com.br\/wp-content\/uploads\/2026\/04\/olga_art-medicine-5065702_1920-1-1-768x512.jpg 768w, https:\/\/jornalvaleevangelico.com.br\/wp-content\/uploads\/2026\/04\/olga_art-medicine-5065702_1920-1-1.jpg 780w\" sizes=\"(max-width: 300px) 100vw, 300px\" \/><\/a>\n<h4 class=\"pt-cv-title\"><a href=\"https:\/\/jornalvaleevangelico.com.br\/index.php\/2026\/04\/02\/governo-federal-divulga-reajuste-de-ate-381-no-preco-dos-remedios\/\" class=\"_self\" target=\"_self\" >Governo Federal divulga reajuste de at\u00e9 3,81% no pre\u00e7o dos rem\u00e9dios<\/a><\/h4>\n<div class=\"pt-cv-content\">Apesar da autoriza\u00e7\u00e3o para o reajuste, os pre\u00e7os dos medicamentos n\u00e3o sobem automaticamente A C\u00e2mara de Regula\u00e7\u00e3o do Mercado de ...<br \/><div class=\"pt-cv-rmwrap\"><a href=\"https:\/\/jornalvaleevangelico.com.br\/index.php\/2026\/04\/02\/governo-federal-divulga-reajuste-de-ate-381-no-preco-dos-remedios\/\" class=\"_self pt-cv-readmore btn btn-success\" target=\"_self\">Leia Mais<\/a><\/div><\/div><\/div><\/div>\n<div class=\"col-md-6 col-sm-6 col-xs-12 pt-cv-content-item pt-cv-1-col\" ><div class='pt-cv-ifield'><a href=\"https:\/\/jornalvaleevangelico.com.br\/index.php\/2026\/03\/14\/flavio-bolsonaro-medico-falou-que-meu-pai-escapou-por-pouco\/\" class=\"_self pt-cv-href-thumbnail pt-cv-thumb-default\" target=\"_self\" ><img decoding=\"async\" width=\"300\" height=\"169\" src=\"https:\/\/jornalvaleevangelico.com.br\/wp-content\/uploads\/2026\/03\/Flav1-300x169.jpg\" class=\"pt-cv-thumbnail\" alt=\"\" srcset=\"https:\/\/jornalvaleevangelico.com.br\/wp-content\/uploads\/2026\/03\/Flav1-300x169.jpg 300w, https:\/\/jornalvaleevangelico.com.br\/wp-content\/uploads\/2026\/03\/Flav1-1024x576.jpg 1024w, https:\/\/jornalvaleevangelico.com.br\/wp-content\/uploads\/2026\/03\/Flav1-768x432.jpg 768w, https:\/\/jornalvaleevangelico.com.br\/wp-content\/uploads\/2026\/03\/Flav1.jpg 1536w\" sizes=\"(max-width: 300px) 100vw, 300px\" \/><\/a>\n<h4 class=\"pt-cv-title\"><a href=\"https:\/\/jornalvaleevangelico.com.br\/index.php\/2026\/03\/14\/flavio-bolsonaro-medico-falou-que-meu-pai-escapou-por-pouco\/\" class=\"_self\" target=\"_self\" >Fl\u00e1vio Bolsonaro: \u201cM\u00e9dico falou que meu pai escapou por pouco\u201d<\/a><\/h4>\n<div class=\"pt-cv-content\">Ex-presidente est\u00e1 internado com broncopneumonia bacteriana bilateral Na manh\u00e3 deste s\u00e1bado (14), o senador Fl\u00e1vio Bolsonaro (PL-RJ) informou ter ouvido ...<br \/><div class=\"pt-cv-rmwrap\"><a href=\"https:\/\/jornalvaleevangelico.com.br\/index.php\/2026\/03\/14\/flavio-bolsonaro-medico-falou-que-meu-pai-escapou-por-pouco\/\" class=\"_self pt-cv-readmore btn btn-success\" target=\"_self\">Leia Mais<\/a><\/div><\/div><\/div><\/div>\n<div class=\"col-md-6 col-sm-6 col-xs-12 pt-cv-content-item pt-cv-1-col\" ><div class='pt-cv-ifield'><a href=\"https:\/\/jornalvaleevangelico.com.br\/index.php\/2026\/01\/15\/conjuntivite-veja-6-cuidados-necessarios-para-se-prevenir-no-verao\/\" class=\"_self pt-cv-href-thumbnail pt-cv-thumb-default\" target=\"_self\" ><img decoding=\"async\" width=\"300\" height=\"219\" src=\"https:\/\/jornalvaleevangelico.com.br\/wp-content\/uploads\/2026\/01\/Oftalmo-1-300x219.jpg\" class=\"pt-cv-thumbnail\" alt=\"\" srcset=\"https:\/\/jornalvaleevangelico.com.br\/wp-content\/uploads\/2026\/01\/Oftalmo-1-300x219.jpg 300w, https:\/\/jornalvaleevangelico.com.br\/wp-content\/uploads\/2026\/01\/Oftalmo-1.jpg 704w\" sizes=\"(max-width: 300px) 100vw, 300px\" \/><\/a>\n<h4 class=\"pt-cv-title\"><a href=\"https:\/\/jornalvaleevangelico.com.br\/index.php\/2026\/01\/15\/conjuntivite-veja-6-cuidados-necessarios-para-se-prevenir-no-verao\/\" class=\"_self\" target=\"_self\" >Conjuntivite: veja 6 cuidados necess\u00e1rios para se prevenir no ver\u00e3o<\/a><\/h4>\n<div class=\"pt-cv-content\">Os sintomas s\u00e3o vermelhid\u00e3o, sensa\u00e7\u00e3o de areia, coceira intensa, lacrimejamento, secre\u00e7\u00e3o esbranqui\u00e7ada e sensibilidade \u00e0 luz As conjuntivites virais s\u00e3o ...<br \/><div class=\"pt-cv-rmwrap\"><a href=\"https:\/\/jornalvaleevangelico.com.br\/index.php\/2026\/01\/15\/conjuntivite-veja-6-cuidados-necessarios-para-se-prevenir-no-verao\/\" class=\"_self pt-cv-readmore btn btn-success\" target=\"_self\">Leia Mais<\/a><\/div><\/div><\/div><\/div>\n<div class=\"col-md-6 col-sm-6 col-xs-12 pt-cv-content-item pt-cv-1-col\" ><div class='pt-cv-ifield'><a href=\"https:\/\/jornalvaleevangelico.com.br\/index.php\/2025\/12\/30\/contra-aborto-porto-rico-passa-a-reconhecer-feto-como-pessoa-natural-desde-a-concepcao\/\" class=\"_self pt-cv-href-thumbnail pt-cv-thumb-default\" target=\"_self\" ><img loading=\"lazy\" decoding=\"async\" width=\"300\" height=\"179\" src=\"https:\/\/jornalvaleevangelico.com.br\/wp-content\/uploads\/2025\/12\/Feto-300x179.jpg\" class=\"pt-cv-thumbnail\" alt=\"\" srcset=\"https:\/\/jornalvaleevangelico.com.br\/wp-content\/uploads\/2025\/12\/Feto-300x179.jpg 300w, https:\/\/jornalvaleevangelico.com.br\/wp-content\/uploads\/2025\/12\/Feto-768x457.jpg 768w, https:\/\/jornalvaleevangelico.com.br\/wp-content\/uploads\/2025\/12\/Feto.jpg 840w\" sizes=\"(max-width: 300px) 100vw, 300px\" \/><\/a>\n<h4 class=\"pt-cv-title\"><a href=\"https:\/\/jornalvaleevangelico.com.br\/index.php\/2025\/12\/30\/contra-aborto-porto-rico-passa-a-reconhecer-feto-como-pessoa-natural-desde-a-concepcao\/\" class=\"_self\" target=\"_self\" >Contra aborto, Porto Rico passa a reconhecer feto como \u201cpessoa natural\u201d desde a concep\u00e7\u00e3o<\/a><\/h4>\n<div class=\"pt-cv-content\">A lei foi aprovada e sancionada, alterando o C\u00f3digo Civil para reconhecer o feto como pessoa natural com direitos. A ...<br \/><div class=\"pt-cv-rmwrap\"><a href=\"https:\/\/jornalvaleevangelico.com.br\/index.php\/2025\/12\/30\/contra-aborto-porto-rico-passa-a-reconhecer-feto-como-pessoa-natural-desde-a-concepcao\/\" class=\"_self pt-cv-readmore btn btn-success\" target=\"_self\">Leia Mais<\/a><\/div><\/div><\/div><\/div>\n<div class=\"col-md-6 col-sm-6 col-xs-12 pt-cv-content-item pt-cv-1-col\" ><div class='pt-cv-ifield'><a href=\"https:\/\/jornalvaleevangelico.com.br\/index.php\/2025\/08\/28\/damares-alves-revela-diagnostico-de-cancer-de-mama-jesus-e-meu-maior-consolador\/\" class=\"_self pt-cv-href-thumbnail pt-cv-thumb-default\" target=\"_self\" ><img loading=\"lazy\" decoding=\"async\" width=\"300\" height=\"179\" src=\"https:\/\/jornalvaleevangelico.com.br\/wp-content\/uploads\/2025\/08\/Untitled-1-2-300x179.jpg\" class=\"pt-cv-thumbnail\" alt=\"\" srcset=\"https:\/\/jornalvaleevangelico.com.br\/wp-content\/uploads\/2025\/08\/Untitled-1-2-300x179.jpg 300w, https:\/\/jornalvaleevangelico.com.br\/wp-content\/uploads\/2025\/08\/Untitled-1-2-768x457.jpg 768w, https:\/\/jornalvaleevangelico.com.br\/wp-content\/uploads\/2025\/08\/Untitled-1-2.jpg 840w\" sizes=\"(max-width: 300px) 100vw, 300px\" \/><\/a>\n<h4 class=\"pt-cv-title\"><a href=\"https:\/\/jornalvaleevangelico.com.br\/index.php\/2025\/08\/28\/damares-alves-revela-diagnostico-de-cancer-de-mama-jesus-e-meu-maior-consolador\/\" class=\"_self\" target=\"_self\" >Damares Alves revela diagn\u00f3stico de c\u00e2ncer de mama: \u2018Jesus \u00e9 meu maior consolador\u2019<\/a><\/h4>\n<div class=\"pt-cv-content\">Senadora afirmou que passou por cirurgia para remover o tumor no final de julho e segue em tratamento. A senadora ...<br \/><div class=\"pt-cv-rmwrap\"><a href=\"https:\/\/jornalvaleevangelico.com.br\/index.php\/2025\/08\/28\/damares-alves-revela-diagnostico-de-cancer-de-mama-jesus-e-meu-maior-consolador\/\" class=\"_self pt-cv-readmore btn btn-success\" target=\"_self\">Leia Mais<\/a><\/div><\/div><\/div><\/div>\n<div class=\"col-md-6 col-sm-6 col-xs-12 pt-cv-content-item pt-cv-1-col\" ><div class='pt-cv-ifield'><a href=\"https:\/\/jornalvaleevangelico.com.br\/index.php\/2025\/08\/01\/pacientes-do-sus-poderao-ser-atendidos-por-planos-de-saude-privados\/\" class=\"_self pt-cv-href-thumbnail pt-cv-thumb-default\" target=\"_self\" ><img loading=\"lazy\" decoding=\"async\" width=\"300\" height=\"171\" src=\"https:\/\/jornalvaleevangelico.com.br\/wp-content\/uploads\/2025\/08\/Novo-Projeto-7-300x171.jpg\" class=\"pt-cv-thumbnail\" alt=\"\" srcset=\"https:\/\/jornalvaleevangelico.com.br\/wp-content\/uploads\/2025\/08\/Novo-Projeto-7-300x171.jpg 300w, https:\/\/jornalvaleevangelico.com.br\/wp-content\/uploads\/2025\/08\/Novo-Projeto-7-768x437.jpg 768w, https:\/\/jornalvaleevangelico.com.br\/wp-content\/uploads\/2025\/08\/Novo-Projeto-7.jpg 950w\" sizes=\"(max-width: 300px) 100vw, 300px\" \/><\/a>\n<h4 class=\"pt-cv-title\"><a href=\"https:\/\/jornalvaleevangelico.com.br\/index.php\/2025\/08\/01\/pacientes-do-sus-poderao-ser-atendidos-por-planos-de-saude-privados\/\" class=\"_self\" target=\"_self\" >Pacientes do SUS poder\u00e3o ser atendidos por planos de sa\u00fade privados<\/a><\/h4>\n<div class=\"pt-cv-content\">Programa do governo visa reduzir tempo de espera em atendimentos de seis especialidades Neste dia 1\u00ba de agosto, entra em ...<br \/><div class=\"pt-cv-rmwrap\"><a href=\"https:\/\/jornalvaleevangelico.com.br\/index.php\/2025\/08\/01\/pacientes-do-sus-poderao-ser-atendidos-por-planos-de-saude-privados\/\" class=\"_self pt-cv-readmore btn btn-success\" target=\"_self\">Leia Mais<\/a><\/div><\/div><\/div><\/div>\n<div class=\"col-md-6 col-sm-6 col-xs-12 pt-cv-content-item pt-cv-1-col\" ><div class='pt-cv-ifield'><a href=\"https:\/\/jornalvaleevangelico.com.br\/index.php\/2025\/07\/31\/vacina-brasileira-eficaz-em-camundongos-pode-proteger-contra-complicacoes-da-zika\/\" class=\"_self pt-cv-href-thumbnail pt-cv-thumb-default\" target=\"_self\" ><img loading=\"lazy\" decoding=\"async\" width=\"300\" height=\"218\" src=\"https:\/\/jornalvaleevangelico.com.br\/wp-content\/uploads\/2025\/07\/Sem-titulo-57-300x218.jpg\" class=\"pt-cv-thumbnail\" alt=\"\" srcset=\"https:\/\/jornalvaleevangelico.com.br\/wp-content\/uploads\/2025\/07\/Sem-titulo-57-300x218.jpg 300w, https:\/\/jornalvaleevangelico.com.br\/wp-content\/uploads\/2025\/07\/Sem-titulo-57-1024x745.jpg 1024w, https:\/\/jornalvaleevangelico.com.br\/wp-content\/uploads\/2025\/07\/Sem-titulo-57-768x559.jpg 768w, https:\/\/jornalvaleevangelico.com.br\/wp-content\/uploads\/2025\/07\/Sem-titulo-57.jpg 1080w\" sizes=\"(max-width: 300px) 100vw, 300px\" \/><\/a>\n<h4 class=\"pt-cv-title\"><a href=\"https:\/\/jornalvaleevangelico.com.br\/index.php\/2025\/07\/31\/vacina-brasileira-eficaz-em-camundongos-pode-proteger-contra-complicacoes-da-zika\/\" class=\"_self\" target=\"_self\" >Vacina brasileira, eficaz em camundongos, pode proteger contra complica\u00e7\u00f5es da Zika<\/a><\/h4>\n<div class=\"pt-cv-content\">Segundo os cientistas, o v\u00edrus se parece com quatro sorotipos da dengue e circula no mesmo ambiente de transmiss\u00e3o Os ...<br \/><div class=\"pt-cv-rmwrap\"><a href=\"https:\/\/jornalvaleevangelico.com.br\/index.php\/2025\/07\/31\/vacina-brasileira-eficaz-em-camundongos-pode-proteger-contra-complicacoes-da-zika\/\" class=\"_self pt-cv-readmore btn btn-success\" target=\"_self\">Leia Mais<\/a><\/div><\/div><\/div><\/div>\n<div class=\"col-md-6 col-sm-6 col-xs-12 pt-cv-content-item pt-cv-1-col\" ><div class='pt-cv-ifield'><a href=\"https:\/\/jornalvaleevangelico.com.br\/index.php\/2025\/07\/26\/cuidados-para-evitar-o-infarto-e-manter-o-coracao-saudavel\/\" class=\"_self pt-cv-href-thumbnail pt-cv-thumb-default\" target=\"_self\" ><img loading=\"lazy\" decoding=\"async\" width=\"300\" height=\"200\" src=\"https:\/\/jornalvaleevangelico.com.br\/wp-content\/uploads\/2025\/07\/Sem-titulo-54-1024x682-1-300x200.jpg\" class=\"pt-cv-thumbnail\" alt=\"\" srcset=\"https:\/\/jornalvaleevangelico.com.br\/wp-content\/uploads\/2025\/07\/Sem-titulo-54-1024x682-1-300x200.jpg 300w, https:\/\/jornalvaleevangelico.com.br\/wp-content\/uploads\/2025\/07\/Sem-titulo-54-1024x682-1-768x512.jpg 768w, https:\/\/jornalvaleevangelico.com.br\/wp-content\/uploads\/2025\/07\/Sem-titulo-54-1024x682-1.jpg 1024w\" sizes=\"(max-width: 300px) 100vw, 300px\" \/><\/a>\n<h4 class=\"pt-cv-title\"><a href=\"https:\/\/jornalvaleevangelico.com.br\/index.php\/2025\/07\/26\/cuidados-para-evitar-o-infarto-e-manter-o-coracao-saudavel\/\" class=\"_self\" target=\"_self\" >Cuidados para evitar o infarto e manter o cora\u00e7\u00e3o saud\u00e1vel<\/a><\/h4>\n<div class=\"pt-cv-content\">O ataque card\u00edaco pode causar danos ao m\u00fasculo card\u00edaco, exigindo interven\u00e7\u00e3o m\u00e9dica imediata para evitar sequelas graves ou risco de ...<br \/><div class=\"pt-cv-rmwrap\"><a href=\"https:\/\/jornalvaleevangelico.com.br\/index.php\/2025\/07\/26\/cuidados-para-evitar-o-infarto-e-manter-o-coracao-saudavel\/\" class=\"_self pt-cv-readmore btn btn-success\" target=\"_self\">Leia Mais<\/a><\/div><\/div><\/div><\/div>\n<div class=\"col-md-6 col-sm-6 col-xs-12 pt-cv-content-item pt-cv-1-col\" ><div class='pt-cv-ifield'><a href=\"https:\/\/jornalvaleevangelico.com.br\/index.php\/2025\/05\/12\/cardiologista-afirma-que-perdoar-faz-bem-a-saude-do-coracao\/\" class=\"_self pt-cv-href-thumbnail pt-cv-thumb-default\" target=\"_self\" ><img loading=\"lazy\" decoding=\"async\" width=\"300\" height=\"195\" src=\"https:\/\/jornalvaleevangelico.com.br\/wp-content\/uploads\/2025\/05\/Ciencias-300x195.jpg\" class=\"pt-cv-thumbnail\" alt=\"\" srcset=\"https:\/\/jornalvaleevangelico.com.br\/wp-content\/uploads\/2025\/05\/Ciencias-300x195.jpg 300w, https:\/\/jornalvaleevangelico.com.br\/wp-content\/uploads\/2025\/05\/Ciencias-1024x665.jpg 1024w, https:\/\/jornalvaleevangelico.com.br\/wp-content\/uploads\/2025\/05\/Ciencias-768x499.jpg 768w, https:\/\/jornalvaleevangelico.com.br\/wp-content\/uploads\/2025\/05\/Ciencias-1536x998.jpg 1536w, https:\/\/jornalvaleevangelico.com.br\/wp-content\/uploads\/2025\/05\/Ciencias.jpg 1920w\" sizes=\"(max-width: 300px) 100vw, 300px\" \/><\/a>\n<h4 class=\"pt-cv-title\"><a href=\"https:\/\/jornalvaleevangelico.com.br\/index.php\/2025\/05\/12\/cardiologista-afirma-que-perdoar-faz-bem-a-saude-do-coracao\/\" class=\"_self\" target=\"_self\" >Cardiologista afirma que perdoar faz bem \u00e0 sa\u00fade do cora\u00e7\u00e3o<\/a><\/h4>\n<div class=\"pt-cv-content\">Roque Savioli afirma que o al\u00edvio que muitos buscam pode come\u00e7ar com um simples gesto interior: o perd\u00e3o. Ativo nas ...<br \/><div class=\"pt-cv-rmwrap\"><a href=\"https:\/\/jornalvaleevangelico.com.br\/index.php\/2025\/05\/12\/cardiologista-afirma-que-perdoar-faz-bem-a-saude-do-coracao\/\" class=\"_self pt-cv-readmore btn btn-success\" target=\"_self\">Leia Mais<\/a><\/div><\/div><\/div><\/div>\n<div class=\"col-md-6 col-sm-6 col-xs-12 pt-cv-content-item pt-cv-1-col\" ><div class='pt-cv-ifield'><a href=\"https:\/\/jornalvaleevangelico.com.br\/index.php\/2025\/04\/17\/conselho-de-medicina-proibe-bloqueadores-hormonais-para-transicao-de-genero-em-menores\/\" class=\"_self pt-cv-href-thumbnail pt-cv-thumb-default\" target=\"_self\" ><img loading=\"lazy\" decoding=\"async\" width=\"300\" height=\"179\" src=\"https:\/\/jornalvaleevangelico.com.br\/wp-content\/uploads\/2025\/04\/Conselho-regional-de-medicina-300x179.jpg\" class=\"pt-cv-thumbnail\" alt=\"\" srcset=\"https:\/\/jornalvaleevangelico.com.br\/wp-content\/uploads\/2025\/04\/Conselho-regional-de-medicina-300x179.jpg 300w, https:\/\/jornalvaleevangelico.com.br\/wp-content\/uploads\/2025\/04\/Conselho-regional-de-medicina-768x457.jpg 768w, https:\/\/jornalvaleevangelico.com.br\/wp-content\/uploads\/2025\/04\/Conselho-regional-de-medicina.jpg 840w\" sizes=\"(max-width: 300px) 100vw, 300px\" \/><\/a>\n<h4 class=\"pt-cv-title\"><a href=\"https:\/\/jornalvaleevangelico.com.br\/index.php\/2025\/04\/17\/conselho-de-medicina-proibe-bloqueadores-hormonais-para-transicao-de-genero-em-menores\/\" class=\"_self\" target=\"_self\" >Conselho de Medicina pro\u00edbe bloqueadores hormonais para transi\u00e7\u00e3o de g\u00eanero em menores<\/a><\/h4>\n<div class=\"pt-cv-content\">A nova resolu\u00e7\u00e3o tamb\u00e9m aumentou de 18 para 21 anos a idade m\u00ednima para passar por cirurgias de mudan\u00e7a de ...<br \/><div class=\"pt-cv-rmwrap\"><a href=\"https:\/\/jornalvaleevangelico.com.br\/index.php\/2025\/04\/17\/conselho-de-medicina-proibe-bloqueadores-hormonais-para-transicao-de-genero-em-menores\/\" class=\"_self pt-cv-readmore btn btn-success\" target=\"_self\">Leia Mais<\/a><\/div><\/div><\/div><\/div><\/div><\/div><\/div>\n<div class=\"jorna-rodape jorna-entity-placement\" id=\"jorna-4281752330\"><div id=\"jorna-1733501200\"><a href=\"https:\/\/gkscontabilidade.com\/\" aria-label=\"GKS Contabilidade\"><img src=\"https:\/\/jornalvaleevangelico.com.br\/wp-content\/uploads\/2023\/05\/GKS-Contabilidade.jpeg\" alt=\"\"  srcset=\"https:\/\/jornalvaleevangelico.com.br\/wp-content\/uploads\/2023\/05\/GKS-Contabilidade.jpeg 1600w, https:\/\/jornalvaleevangelico.com.br\/wp-content\/uploads\/2023\/05\/GKS-Contabilidade-300x65.jpeg 300w, https:\/\/jornalvaleevangelico.com.br\/wp-content\/uploads\/2023\/05\/GKS-Contabilidade-1024x223.jpeg 1024w, https:\/\/jornalvaleevangelico.com.br\/wp-content\/uploads\/2023\/05\/GKS-Contabilidade-768x168.jpeg 768w, https:\/\/jornalvaleevangelico.com.br\/wp-content\/uploads\/2023\/05\/GKS-Contabilidade-1536x335.jpeg 1536w\" sizes=\"(max-width: 1600px) 100vw, 1600px\" width=\"1600\" height=\"349\"   \/><\/a><\/div><\/div>","protected":false},"excerpt":{"rendered":"","protected":false},"author":1,"featured_media":0,"parent":0,"menu_order":0,"comment_status":"closed","ping_status":"closed","template":"","meta":{"_mi_skip_tracking":false,"_monsterinsights_sitenote_active":false,"_monsterinsights_sitenote_note":"","_monsterinsights_sitenote_category":0,"footnotes":""},"class_list":["post-80","page","type-page","status-publish","hentry"],"_links":{"self":[{"href":"https:\/\/jornalvaleevangelico.com.br\/index.php\/wp-json\/wp\/v2\/pages\/80","targetHints":{"allow":["GET"]}}],"collection":[{"href":"https:\/\/jornalvaleevangelico.com.br\/index.php\/wp-json\/wp\/v2\/pages"}],"about":[{"href":"https:\/\/jornalvaleevangelico.com.br\/index.php\/wp-json\/wp\/v2\/types\/page"}],"author":[{"embeddable":true,"href":"https:\/\/jornalvaleevangelico.com.br\/index.php\/wp-json\/wp\/v2\/users\/1"}],"replies":[{"embeddable":true,"href":"https:\/\/jornalvaleevangelico.com.br\/index.php\/wp-json\/wp\/v2\/comments?post=80"}],"version-history":[{"count":1,"href":"https:\/\/jornalvaleevangelico.com.br\/index.php\/wp-json\/wp\/v2\/pages\/80\/revisions"}],"predecessor-version":[{"id":82,"href":"https:\/\/jornalvaleevangelico.com.br\/index.php\/wp-json\/wp\/v2\/pages\/80\/revisions\/82"}],"wp:attachment":[{"href":"https:\/\/jornalvaleevangelico.com.br\/index.php\/wp-json\/wp\/v2\/media?parent=80"}],"curies":[{"name":"wp","href":"https:\/\/api.w.org\/{rel}","templated":true}]}}